{"id":311,"date":"2025-02-07T08:27:33","date_gmt":"2025-02-07T08:27:33","guid":{"rendered":"https:\/\/smart-age.eu\/diffusion\/"},"modified":"2025-03-18T10:08:18","modified_gmt":"2025-03-18T10:08:18","slug":"diffusion","status":"publish","type":"page","link":"https:\/\/smart-age.eu\/fr\/diffusion\/","title":{"rendered":"Diffusion"},"content":{"rendered":"<p>[et_pb_section fb_built=\u00a0\u00bb1&Prime; _builder_version=\u00a0\u00bb4.27.4&Prime; _module_preset=\u00a0\u00bbdefault\u00a0\u00bb custom_padding=\u00a0\u00bb3px||5px|||\u00a0\u00bb global_colors_info=\u00a0\u00bb{}\u00a0\u00bb][et_pb_row _builder_version=\u00a0\u00bb4.27.4&Prime; _module_preset=\u00a0\u00bbdefault\u00a0\u00bb global_colors_info=\u00a0\u00bb{}\u00a0\u00bb][et_pb_column type=\u00a0\u00bb4_4&Prime; _builder_version=\u00a0\u00bb4.27.4&Prime; _module_preset=\u00a0\u00bbdefault\u00a0\u00bb global_colors_info=\u00a0\u00bb{}\u00a0\u00bb][et_pb_text _builder_version=\u00a0\u00bb4.27.4&Prime; _module_preset=\u00a0\u00bbdefault\u00a0\u00bb header_font=\u00a0\u00bb|700||on|||||\u00a0\u00bb header_font_size=\u00a0\u00bb46px\u00a0\u00bb header_font_size_tablet=\u00a0\u00bb46px\u00a0\u00bb header_font_size_phone=\u00a0\u00bb31px\u00a0\u00bb header_font_size_last_edited=\u00a0\u00bbon|phone\u00a0\u00bb global_colors_info=\u00a0\u00bb{}\u00a0\u00bb]<\/p>\n<h1 style=\"text-align: left;\">Diffusion<\/h1>\n<p>[\/et_pb_text][\/et_pb_column][\/et_pb_row][\/et_pb_section][et_pb_section fb_built=\u00a0\u00bb1&Prime; _builder_version=\u00a0\u00bb4.27.4&Prime; _module_preset=\u00a0\u00bbdefault\u00a0\u00bb custom_padding=\u00a0\u00bb0px|||||\u00a0\u00bb global_colors_info=\u00a0\u00bb{}\u00a0\u00bb][et_pb_row _builder_version=\u00a0\u00bb4.27.4&Prime; _module_preset=\u00a0\u00bbdefault\u00a0\u00bb custom_padding=\u00a0\u00bb5px|||||\u00a0\u00bb global_colors_info=\u00a0\u00bb{}\u00a0\u00bb][et_pb_column type=\u00a0\u00bb4_4&Prime; _builder_version=\u00a0\u00bb4.27.4&Prime; _module_preset=\u00a0\u00bbdefault\u00a0\u00bb global_colors_info=\u00a0\u00bb{}\u00a0\u00bb][et_pb_text _builder_version=\u00a0\u00bb4.27.4&Prime; _module_preset=\u00a0\u00bbdefault\u00a0\u00bb hover_enabled=\u00a0\u00bb0&Prime; global_colors_info=\u00a0\u00bb{}\u00a0\u00bb sticky_enabled=\u00a0\u00bb0&Prime;]<\/p>\n<p><strong>Mises \u00e0 jour \u00e0 venir<br \/><\/strong><span>Le projet SMART-AGE s&rsquo;engage \u00e0 partager des informations pr\u00e9cieuses, des r\u00e9sultats de recherche et des bonnes pratiques sur la mobilit\u00e9 durable et l&rsquo;accessibilit\u00e9 dans les environnements urbains vieillissants.<br \/><\/span><span>Revenez bient\u00f4t pour consulter des rapports, des articles et d&rsquo;autres ressources !<\/span><\/p>\n<p>[\/et_pb_text][\/et_pb_column][\/et_pb_row][\/et_pb_section]<\/p>\n","protected":false},"excerpt":{"rendered":"<p>DiffusionMises \u00e0 jour \u00e0 venirLe projet SMART-AGE s&rsquo;engage \u00e0 partager des informations pr\u00e9cieuses, des r\u00e9sultats de recherche et des bonnes pratiques sur la mobilit\u00e9 durable et l&rsquo;accessibilit\u00e9 dans les environnements urbains vieillissants.Revenez bient\u00f4t pour consulter des rapports, des articles et d&rsquo;autres ressources !<\/p>\n","protected":false},"author":3,"featured_media":0,"parent":0,"menu_order":0,"comment_status":"closed","ping_status":"closed","template":"","meta":{"_et_pb_use_builder":"on","_et_pb_old_content":"","_et_gb_content_width":"","_umich_oidc_access":"","footnotes":""},"class_list":["post-311","page","type-page","status-publish","hentry"],"yoast_head":"<!-- This site is optimized with the Yoast SEO plugin v27.5 - https:\/\/yoast.com\/product\/yoast-seo-wordpress\/ -->\n<title>Diffusion - SMART-AGE<\/title>\n<meta name=\"robots\" content=\"index, follow, max-snippet:-1, max-image-preview:large, max-video-preview:-1\" \/>\n<link rel=\"canonical\" href=\"https:\/\/smart-age.eu\/fr\/diffusion\/\" \/>\n<meta property=\"og:locale\" content=\"fr_FR\" \/>\n<meta property=\"og:type\" content=\"article\" \/>\n<meta property=\"og:title\" content=\"Diffusion - SMART-AGE\" \/>\n<meta property=\"og:description\" content=\"DiffusionMises \u00e0 jour \u00e0 venirLe projet SMART-AGE s&#039;engage \u00e0 partager des informations pr\u00e9cieuses, des r\u00e9sultats de recherche et des bonnes pratiques sur la mobilit\u00e9 durable et l&#039;accessibilit\u00e9 dans les environnements urbains vieillissants.Revenez bient\u00f4t pour consulter des rapports, des articles et d&#039;autres ressources !\" \/>\n<meta property=\"og:url\" content=\"https:\/\/smart-age.eu\/fr\/diffusion\/\" \/>\n<meta property=\"og:site_name\" content=\"SMART-AGE\" \/>\n<meta property=\"article:modified_time\" content=\"2025-03-18T10:08:18+00:00\" \/>\n<meta name=\"twitter:card\" content=\"summary_large_image\" \/>\n<meta name=\"twitter:label1\" content=\"Dur\u00e9e de lecture estim\u00e9e\" \/>\n\t<meta name=\"twitter:data1\" content=\"1 minute\" \/>\n<script type=\"application\/ld+json\" class=\"yoast-schema-graph\">{\"@context\":\"https:\\\/\\\/schema.org\",\"@graph\":[{\"@type\":\"WebPage\",\"@id\":\"https:\\\/\\\/smart-age.eu\\\/fr\\\/diffusion\\\/\",\"url\":\"https:\\\/\\\/smart-age.eu\\\/fr\\\/diffusion\\\/\",\"name\":\"Diffusion - SMART-AGE\",\"isPartOf\":{\"@id\":\"https:\\\/\\\/smart-age.eu\\\/#website\"},\"datePublished\":\"2025-02-07T08:27:33+00:00\",\"dateModified\":\"2025-03-18T10:08:18+00:00\",\"breadcrumb\":{\"@id\":\"https:\\\/\\\/smart-age.eu\\\/fr\\\/diffusion\\\/#breadcrumb\"},\"inLanguage\":\"fr-FR\",\"potentialAction\":[{\"@type\":\"ReadAction\",\"target\":[\"https:\\\/\\\/smart-age.eu\\\/fr\\\/diffusion\\\/\"]}]},{\"@type\":\"BreadcrumbList\",\"@id\":\"https:\\\/\\\/smart-age.eu\\\/fr\\\/diffusion\\\/#breadcrumb\",\"itemListElement\":[{\"@type\":\"ListItem\",\"position\":1,\"name\":\"Home\",\"item\":\"https:\\\/\\\/smart-age.eu\\\/fr\\\/home\\\/\"},{\"@type\":\"ListItem\",\"position\":2,\"name\":\"Diffusion\"}]},{\"@type\":\"WebSite\",\"@id\":\"https:\\\/\\\/smart-age.eu\\\/#website\",\"url\":\"https:\\\/\\\/smart-age.eu\\\/\",\"name\":\"SMART-AGE\",\"description\":\"Sustainable Mobility and Accessibility for Resilient Transport in Aging Urban Environments\",\"potentialAction\":[{\"@type\":\"SearchAction\",\"target\":{\"@type\":\"EntryPoint\",\"urlTemplate\":\"https:\\\/\\\/smart-age.eu\\\/?s={search_term_string}\"},\"query-input\":{\"@type\":\"PropertyValueSpecification\",\"valueRequired\":true,\"valueName\":\"search_term_string\"}}],\"inLanguage\":\"fr-FR\"}]}<\/script>\n<!-- \/ Yoast SEO plugin. -->","yoast_head_json":{"title":"Diffusion - SMART-AGE","robots":{"index":"index","follow":"follow","max-snippet":"max-snippet:-1","max-image-preview":"max-image-preview:large","max-video-preview":"max-video-preview:-1"},"canonical":"https:\/\/smart-age.eu\/fr\/diffusion\/","og_locale":"fr_FR","og_type":"article","og_title":"Diffusion - SMART-AGE","og_description":"DiffusionMises \u00e0 jour \u00e0 venirLe projet SMART-AGE s'engage \u00e0 partager des informations pr\u00e9cieuses, des r\u00e9sultats de recherche et des bonnes pratiques sur la mobilit\u00e9 durable et l'accessibilit\u00e9 dans les environnements urbains vieillissants.Revenez bient\u00f4t pour consulter des rapports, des articles et d'autres ressources !","og_url":"https:\/\/smart-age.eu\/fr\/diffusion\/","og_site_name":"SMART-AGE","article_modified_time":"2025-03-18T10:08:18+00:00","twitter_card":"summary_large_image","twitter_misc":{"Dur\u00e9e de lecture estim\u00e9e":"1 minute"},"schema":{"@context":"https:\/\/schema.org","@graph":[{"@type":"WebPage","@id":"https:\/\/smart-age.eu\/fr\/diffusion\/","url":"https:\/\/smart-age.eu\/fr\/diffusion\/","name":"Diffusion - SMART-AGE","isPartOf":{"@id":"https:\/\/smart-age.eu\/#website"},"datePublished":"2025-02-07T08:27:33+00:00","dateModified":"2025-03-18T10:08:18+00:00","breadcrumb":{"@id":"https:\/\/smart-age.eu\/fr\/diffusion\/#breadcrumb"},"inLanguage":"fr-FR","potentialAction":[{"@type":"ReadAction","target":["https:\/\/smart-age.eu\/fr\/diffusion\/"]}]},{"@type":"BreadcrumbList","@id":"https:\/\/smart-age.eu\/fr\/diffusion\/#breadcrumb","itemListElement":[{"@type":"ListItem","position":1,"name":"Home","item":"https:\/\/smart-age.eu\/fr\/home\/"},{"@type":"ListItem","position":2,"name":"Diffusion"}]},{"@type":"WebSite","@id":"https:\/\/smart-age.eu\/#website","url":"https:\/\/smart-age.eu\/","name":"SMART-AGE","description":"Sustainable Mobility and Accessibility for Resilient Transport in Aging Urban Environments","potentialAction":[{"@type":"SearchAction","target":{"@type":"EntryPoint","urlTemplate":"https:\/\/smart-age.eu\/?s={search_term_string}"},"query-input":{"@type":"PropertyValueSpecification","valueRequired":true,"valueName":"search_term_string"}}],"inLanguage":"fr-FR"}]}},"_links":{"self":[{"href":"https:\/\/smart-age.eu\/fr\/wp-json\/wp\/v2\/pages\/311","targetHints":{"allow":["GET"]}}],"collection":[{"href":"https:\/\/smart-age.eu\/fr\/wp-json\/wp\/v2\/pages"}],"about":[{"href":"https:\/\/smart-age.eu\/fr\/wp-json\/wp\/v2\/types\/page"}],"author":[{"embeddable":true,"href":"https:\/\/smart-age.eu\/fr\/wp-json\/wp\/v2\/users\/3"}],"replies":[{"embeddable":true,"href":"https:\/\/smart-age.eu\/fr\/wp-json\/wp\/v2\/comments?post=311"}],"version-history":[{"count":8,"href":"https:\/\/smart-age.eu\/fr\/wp-json\/wp\/v2\/pages\/311\/revisions"}],"predecessor-version":[{"id":622,"href":"https:\/\/smart-age.eu\/fr\/wp-json\/wp\/v2\/pages\/311\/revisions\/622"}],"wp:attachment":[{"href":"https:\/\/smart-age.eu\/fr\/wp-json\/wp\/v2\/media?parent=311"}],"curies":[{"name":"wp","href":"https:\/\/api.w.org\/{rel}","templated":true}]}}