{"id":635,"date":"2024-12-18T16:58:15","date_gmt":"2024-12-18T16:58:15","guid":{"rendered":"https:\/\/smart-age.eu\/politique-de-confidentialite\/"},"modified":"2025-03-18T10:29:54","modified_gmt":"2025-03-18T10:29:54","slug":"politique-de-confidentialite","status":"publish","type":"page","link":"https:\/\/smart-age.eu\/fr\/politique-de-confidentialite\/","title":{"rendered":"Politique De Confidentialit\u00e9"},"content":{"rendered":"<p>[et_pb_section fb_built=\u00a0\u00bb1&Prime; _builder_version=\u00a0\u00bb4.27.4&Prime; _module_preset=\u00a0\u00bbdefault\u00a0\u00bb custom_padding=\u00a0\u00bb3px||5px|||\u00a0\u00bb global_colors_info=\u00a0\u00bb{}\u00a0\u00bb][et_pb_row _builder_version=\u00a0\u00bb4.27.4&Prime; _module_preset=\u00a0\u00bbdefault\u00a0\u00bb global_colors_info=\u00a0\u00bb{}\u00a0\u00bb][et_pb_column type=\u00a0\u00bb4_4&Prime; _builder_version=\u00a0\u00bb4.27.4&Prime; _module_preset=\u00a0\u00bbdefault\u00a0\u00bb global_colors_info=\u00a0\u00bb{}\u00a0\u00bb][et_pb_text _builder_version=\u00a0\u00bb4.27.4&Prime; _module_preset=\u00a0\u00bbdefault\u00a0\u00bb header_font=\u00a0\u00bb|700||on|||||\u00a0\u00bb header_font_size=\u00a0\u00bb46px\u00a0\u00bb header_font_size_tablet=\u00a0\u00bb46px\u00a0\u00bb header_font_size_phone=\u00a0\u00bb31px\u00a0\u00bb header_font_size_last_edited=\u00a0\u00bbon|phone\u00a0\u00bb global_colors_info=\u00a0\u00bb{}\u00a0\u00bb]<\/p>\n<h1 style=\"text-align: left;\">Politique De Confidentialit\u00e9<\/h1>\n<p>[\/et_pb_text][\/et_pb_column][\/et_pb_row][\/et_pb_section][et_pb_section fb_built=\u00a0\u00bb1&Prime; _builder_version=\u00a0\u00bb4.27.4&Prime; _module_preset=\u00a0\u00bbdefault\u00a0\u00bb custom_padding=\u00a0\u00bb0px|||||\u00a0\u00bb global_colors_info=\u00a0\u00bb{}\u00a0\u00bb][et_pb_row _builder_version=\u00a0\u00bb4.27.4&Prime; _module_preset=\u00a0\u00bbdefault\u00a0\u00bb custom_padding=\u00a0\u00bb5px|||||\u00a0\u00bb global_colors_info=\u00a0\u00bb{}\u00a0\u00bb][et_pb_column type=\u00a0\u00bb4_4&Prime; _builder_version=\u00a0\u00bb4.27.4&Prime; _module_preset=\u00a0\u00bbdefault\u00a0\u00bb global_colors_info=\u00a0\u00bb{}\u00a0\u00bb][et_pb_text _builder_version=\u00a0\u00bb4.27.4&Prime; _module_preset=\u00a0\u00bbdefault\u00a0\u00bb hover_enabled=\u00a0\u00bb0&Prime; global_colors_info=\u00a0\u00bb{}\u00a0\u00bb sticky_enabled=\u00a0\u00bb0&Prime;]<\/p>\n<h3><strong>Protection Des Donn\u00e9es Personnelles<\/strong><\/h3>\n<p><span>SMART-AGE<\/span> attache une grande importance \u00e0 la protection de votre vie priv\u00e9e.<\/p>\n<p>Dans la pr\u00e9sente d\u00e9claration de confidentialit\u00e9, <span>SMART-AGE<\/span> vous informe de la mani\u00e8re dont elle traite vos donn\u00e9es personnelles. <span>SMART-AGE<\/span> se r\u00e9serve le droit de modifier la pr\u00e9sente d\u00e9claration si n\u00e9cessaire, afin de r\u00e9pondre aux besoins et aux exigences de la soci\u00e9t\u00e9 et de respecter les lois et les r\u00e9glementations applicables. Par cons\u00e9quent, <span>SMART-AGE<\/span> vous conseille de consulter r\u00e9guli\u00e8rement cette d\u00e9claration. <\/p>\n<h3><strong>Identit\u00e9 du responsable du traitement &#8211; Coordonn\u00e9es du d\u00e9l\u00e9gu\u00e9 \u00e0 la protection des donn\u00e9es<\/strong><\/h3>\n<p><span>SMART-AGE<\/span>, repr\u00e9sent\u00e9e par Wouter Verheyen, est responsable du traitement de vos donn\u00e9es personnelles. Notre d\u00e9l\u00e9gu\u00e9 \u00e0 la protection des donn\u00e9es a un bureau \u00e0 Venusstraat 23, 2000 Antwerpen et peut \u00eatre contact\u00e9 par e-mail \u00e0 l&rsquo;adresse <a href=\"mailto:wouter.verheyen@uantwerpen.be\">wouter.verheyen@uantwerpen.be<\/a>.  <\/p>\n<h3><strong>Garanties pour le traitement des donn\u00e9es personnelles :<\/strong><\/h3>\n<p>Vos donn\u00e9es personnelles sont toujours trait\u00e9es conform\u00e9ment \u00e0 la r\u00e9glementation applicable en mati\u00e8re de protection de la vie priv\u00e9e.<\/p>\n<p>Les donn\u00e9es personnelles ne seront collect\u00e9es et trait\u00e9es que pour fournir les informations demand\u00e9es ou pour fournir un service en ligne. Le traitement des donn\u00e9es \u00e0 caract\u00e8re personnel est limit\u00e9 \u00e0 l&rsquo;objectif vis\u00e9. <\/p>\n<p>Les donn\u00e9es personnelles ne seront pas divulgu\u00e9es \u00e0 des tiers et ne seront pas utilis\u00e9es \u00e0 des fins de marketing direct, \u00e0 moins que vous n&rsquo;y ayez consenti vous-m\u00eame par le biais d&rsquo;un &lsquo;opt-in&rsquo;.<\/p>\n<p>SMART-AGE prend les meilleures mesures de s\u00e9curit\u00e9 possibles pour \u00e9viter que des tiers n&rsquo;utilisent vos donn\u00e9es personnelles \u00e0 mauvais escient.<\/p>\n<h3><strong>Objectif et base juridique du traitement de vos donn\u00e9es personnelles :<\/strong><\/h3>\n<p><strong>Lors de l&rsquo;utilisation de notre site web:<\/strong><\/p>\n<p>Vous pouvez acc\u00e9der \u00e0 la plupart des informations sans avoir \u00e0 fournir d&rsquo;informations personnelles. Dans certains cas, cependant, des donn\u00e9es personnelles vous seront demand\u00e9es. <\/p>\n<p>Certaines donn\u00e9es personnelles, telles que les cookies, sont utilis\u00e9es pour \u00e9tablir des statistiques sur les utilisateurs et pour am\u00e9liorer la s\u00e9curit\u00e9 de nos sites web. <a href=\"https:\/\/smart-age.eu\/fr\/cookie-policy-eu\/\">Vous pouvez consulter notre politique en mati\u00e8re de cookies ici.<\/a><\/p>\n<p><strong>Base juridique: <\/strong>consentement (cookies) et n\u00e9cessit\u00e9 de fournir le service demand\u00e9.<\/p>\n<h3><strong>Dur\u00e9e de conservation<\/strong><\/h3>\n<p>SMART-AGE ne conserve jamais les donn\u00e9es personnelles plus longtemps que n\u00e9cessaire.<\/p>\n<p>Par exemple, les donn\u00e9es personnelles des <strong>visiteurs du site web<\/strong> (cookies) ne sont jamais conserv\u00e9es plus longtemps que n\u00e9cessaire aux fins \u00e9nonc\u00e9es dans la politique en mati\u00e8re de cookies. Si d&rsquo;autres donn\u00e9es personnelles des visiteurs du site web sont stock\u00e9es, elles ne seront jamais conserv\u00e9es au-del\u00e0 de la p\u00e9riode convenue. <\/p>\n<p>Les donn\u00e9es \u00e0 caract\u00e8re personnel concernant des tiers (co-contractants) sont conserv\u00e9es pendant la dur\u00e9e n\u00e9cessaire \u00e0 l&rsquo;ex\u00e9cution des accords contractuels.<\/p>\n<h3><strong>Droits des personnes concern\u00e9es<\/strong><\/h3>\n<p>En tant que partie concern\u00e9e, vous avez le droit de consulter vos donn\u00e9es personnelles et d&rsquo;en demander la correction, la suppression ou la limitation.<\/p>\n<p>En tant que partie concern\u00e9e, vous avez \u00e9galement le droit de transf\u00e9rer vos donn\u00e9es \u00e0 caract\u00e8re personnel, soit \u00e0 vous-m\u00eame, soit \u00e0 un nouveau responsable du traitement, dans la mesure o\u00f9 cela est techniquement possible. Si vous souhaitez le faire, vous devez le faire savoir \u00e0 l&rsquo;avance. <\/p>\n<p>Le retrait d&rsquo;un consentement donn\u00e9 est toujours possible sans que cela n&rsquo;affecte la l\u00e9galit\u00e9 du traitement des donn\u00e9es \u00e0 caract\u00e8re personnel, \u00e9tant donn\u00e9 qu&rsquo;il se fait sur la base de l&rsquo;autorisation pr\u00e9c\u00e9demment accord\u00e9e.<\/p>\n<p>Pour exercer vos droits en tant que partie concern\u00e9e, vous pouvez \u00e9crire \u00e0 <a href=\"mailto:wouter.verheyen@uantwerpen.be\">wouter.verheyen@uantwerpen.be<\/a>.<\/p>\n<p>En tant que partie concern\u00e9e, vous avez le droit de d\u00e9poser une plainte aupr\u00e8s de l&rsquo;Autorit\u00e9 de protection des donn\u00e9es (GBA).<\/p>\n<h3>Violation de donn\u00e9es<\/h3>\n<p>Vous avez constat\u00e9 une violation de donn\u00e9es concernant des donn\u00e9es personnelles g\u00e9r\u00e9es par SMART-AGE ? Vous pouvez \u00e9crire \u00e0 <a href=\"mailto:wouter.verheyen@uantwerpen.be\">wouter.verheyen@uantwerpen.be&lt;\/a.<\/a>[\/et_pb_text][\/et_pb_column][\/et_pb_row][\/et_pb_section]<\/p>\n","protected":false},"excerpt":{"rendered":"<p>Politique De Confidentialit\u00e9Protection Des Donn\u00e9es Personnelles SMART-AGE attache une grande importance \u00e0 la protection de votre vie priv\u00e9e. Dans la pr\u00e9sente d\u00e9claration de confidentialit\u00e9, SMART-AGE vous informe de la mani\u00e8re dont elle traite vos donn\u00e9es personnelles. SMART-AGE se r\u00e9serve le droit de modifier la pr\u00e9sente d\u00e9claration si n\u00e9cessaire, afin de r\u00e9pondre aux besoins et aux [&hellip;]<\/p>\n","protected":false},"author":1,"featured_media":0,"parent":0,"menu_order":0,"comment_status":"closed","ping_status":"open","template":"","meta":{"_et_pb_use_builder":"on","_et_pb_old_content":"","_et_gb_content_width":"","_umich_oidc_access":"","footnotes":""},"class_list":["post-635","page","type-page","status-publish","hentry"],"yoast_head":"<!-- This site is optimized with the Yoast SEO plugin v27.5 - https:\/\/yoast.com\/product\/yoast-seo-wordpress\/ -->\n<title>Politique De Confidentialit\u00e9 - SMART-AGE<\/title>\n<meta name=\"robots\" content=\"index, follow, max-snippet:-1, max-image-preview:large, max-video-preview:-1\" \/>\n<link rel=\"canonical\" href=\"https:\/\/smart-age.eu\/fr\/politique-de-confidentialite\/\" \/>\n<meta property=\"og:locale\" content=\"fr_FR\" \/>\n<meta property=\"og:type\" content=\"article\" \/>\n<meta property=\"og:title\" content=\"Politique De Confidentialit\u00e9 - SMART-AGE\" \/>\n<meta property=\"og:description\" content=\"Politique De Confidentialit\u00e9Protection Des Donn\u00e9es Personnelles SMART-AGE attache une grande importance \u00e0 la protection de votre vie priv\u00e9e. Dans la pr\u00e9sente d\u00e9claration de confidentialit\u00e9, SMART-AGE vous informe de la mani\u00e8re dont elle traite vos donn\u00e9es personnelles. SMART-AGE se r\u00e9serve le droit de modifier la pr\u00e9sente d\u00e9claration si n\u00e9cessaire, afin de r\u00e9pondre aux besoins et aux [&hellip;]\" \/>\n<meta property=\"og:url\" content=\"https:\/\/smart-age.eu\/fr\/politique-de-confidentialite\/\" \/>\n<meta property=\"og:site_name\" content=\"SMART-AGE\" \/>\n<meta property=\"article:modified_time\" content=\"2025-03-18T10:29:54+00:00\" \/>\n<meta name=\"twitter:card\" content=\"summary_large_image\" \/>\n<meta name=\"twitter:label1\" content=\"Dur\u00e9e de lecture estim\u00e9e\" \/>\n\t<meta name=\"twitter:data1\" content=\"4 minutes\" \/>\n<script type=\"application\/ld+json\" class=\"yoast-schema-graph\">{\"@context\":\"https:\\\/\\\/schema.org\",\"@graph\":[{\"@type\":\"WebPage\",\"@id\":\"https:\\\/\\\/smart-age.eu\\\/fr\\\/politique-de-confidentialite\\\/\",\"url\":\"https:\\\/\\\/smart-age.eu\\\/fr\\\/politique-de-confidentialite\\\/\",\"name\":\"Politique De Confidentialit\u00e9 - SMART-AGE\",\"isPartOf\":{\"@id\":\"https:\\\/\\\/smart-age.eu\\\/#website\"},\"datePublished\":\"2024-12-18T16:58:15+00:00\",\"dateModified\":\"2025-03-18T10:29:54+00:00\",\"breadcrumb\":{\"@id\":\"https:\\\/\\\/smart-age.eu\\\/fr\\\/politique-de-confidentialite\\\/#breadcrumb\"},\"inLanguage\":\"fr-FR\",\"potentialAction\":[{\"@type\":\"ReadAction\",\"target\":[\"https:\\\/\\\/smart-age.eu\\\/fr\\\/politique-de-confidentialite\\\/\"]}]},{\"@type\":\"BreadcrumbList\",\"@id\":\"https:\\\/\\\/smart-age.eu\\\/fr\\\/politique-de-confidentialite\\\/#breadcrumb\",\"itemListElement\":[{\"@type\":\"ListItem\",\"position\":1,\"name\":\"Home\",\"item\":\"https:\\\/\\\/smart-age.eu\\\/fr\\\/home\\\/\"},{\"@type\":\"ListItem\",\"position\":2,\"name\":\"Politique De Confidentialit\u00e9\"}]},{\"@type\":\"WebSite\",\"@id\":\"https:\\\/\\\/smart-age.eu\\\/#website\",\"url\":\"https:\\\/\\\/smart-age.eu\\\/\",\"name\":\"SMART-AGE\",\"description\":\"Sustainable Mobility and Accessibility for Resilient Transport in Aging Urban Environments\",\"potentialAction\":[{\"@type\":\"SearchAction\",\"target\":{\"@type\":\"EntryPoint\",\"urlTemplate\":\"https:\\\/\\\/smart-age.eu\\\/?s={search_term_string}\"},\"query-input\":{\"@type\":\"PropertyValueSpecification\",\"valueRequired\":true,\"valueName\":\"search_term_string\"}}],\"inLanguage\":\"fr-FR\"}]}<\/script>\n<!-- \/ Yoast SEO plugin. -->","yoast_head_json":{"title":"Politique De Confidentialit\u00e9 - SMART-AGE","robots":{"index":"index","follow":"follow","max-snippet":"max-snippet:-1","max-image-preview":"max-image-preview:large","max-video-preview":"max-video-preview:-1"},"canonical":"https:\/\/smart-age.eu\/fr\/politique-de-confidentialite\/","og_locale":"fr_FR","og_type":"article","og_title":"Politique De Confidentialit\u00e9 - SMART-AGE","og_description":"Politique De Confidentialit\u00e9Protection Des Donn\u00e9es Personnelles SMART-AGE attache une grande importance \u00e0 la protection de votre vie priv\u00e9e. Dans la pr\u00e9sente d\u00e9claration de confidentialit\u00e9, SMART-AGE vous informe de la mani\u00e8re dont elle traite vos donn\u00e9es personnelles. SMART-AGE se r\u00e9serve le droit de modifier la pr\u00e9sente d\u00e9claration si n\u00e9cessaire, afin de r\u00e9pondre aux besoins et aux [&hellip;]","og_url":"https:\/\/smart-age.eu\/fr\/politique-de-confidentialite\/","og_site_name":"SMART-AGE","article_modified_time":"2025-03-18T10:29:54+00:00","twitter_card":"summary_large_image","twitter_misc":{"Dur\u00e9e de lecture estim\u00e9e":"4 minutes"},"schema":{"@context":"https:\/\/schema.org","@graph":[{"@type":"WebPage","@id":"https:\/\/smart-age.eu\/fr\/politique-de-confidentialite\/","url":"https:\/\/smart-age.eu\/fr\/politique-de-confidentialite\/","name":"Politique De Confidentialit\u00e9 - SMART-AGE","isPartOf":{"@id":"https:\/\/smart-age.eu\/#website"},"datePublished":"2024-12-18T16:58:15+00:00","dateModified":"2025-03-18T10:29:54+00:00","breadcrumb":{"@id":"https:\/\/smart-age.eu\/fr\/politique-de-confidentialite\/#breadcrumb"},"inLanguage":"fr-FR","potentialAction":[{"@type":"ReadAction","target":["https:\/\/smart-age.eu\/fr\/politique-de-confidentialite\/"]}]},{"@type":"BreadcrumbList","@id":"https:\/\/smart-age.eu\/fr\/politique-de-confidentialite\/#breadcrumb","itemListElement":[{"@type":"ListItem","position":1,"name":"Home","item":"https:\/\/smart-age.eu\/fr\/home\/"},{"@type":"ListItem","position":2,"name":"Politique De Confidentialit\u00e9"}]},{"@type":"WebSite","@id":"https:\/\/smart-age.eu\/#website","url":"https:\/\/smart-age.eu\/","name":"SMART-AGE","description":"Sustainable Mobility and Accessibility for Resilient Transport in Aging Urban Environments","potentialAction":[{"@type":"SearchAction","target":{"@type":"EntryPoint","urlTemplate":"https:\/\/smart-age.eu\/?s={search_term_string}"},"query-input":{"@type":"PropertyValueSpecification","valueRequired":true,"valueName":"search_term_string"}}],"inLanguage":"fr-FR"}]}},"_links":{"self":[{"href":"https:\/\/smart-age.eu\/fr\/wp-json\/wp\/v2\/pages\/635","targetHints":{"allow":["GET"]}}],"collection":[{"href":"https:\/\/smart-age.eu\/fr\/wp-json\/wp\/v2\/pages"}],"about":[{"href":"https:\/\/smart-age.eu\/fr\/wp-json\/wp\/v2\/types\/page"}],"author":[{"embeddable":true,"href":"https:\/\/smart-age.eu\/fr\/wp-json\/wp\/v2\/users\/1"}],"replies":[{"embeddable":true,"href":"https:\/\/smart-age.eu\/fr\/wp-json\/wp\/v2\/comments?post=635"}],"version-history":[{"count":2,"href":"https:\/\/smart-age.eu\/fr\/wp-json\/wp\/v2\/pages\/635\/revisions"}],"predecessor-version":[{"id":637,"href":"https:\/\/smart-age.eu\/fr\/wp-json\/wp\/v2\/pages\/635\/revisions\/637"}],"wp:attachment":[{"href":"https:\/\/smart-age.eu\/fr\/wp-json\/wp\/v2\/media?parent=635"}],"curies":[{"name":"wp","href":"https:\/\/api.w.org\/{rel}","templated":true}]}}