{"id":576,"date":"2024-12-18T16:58:15","date_gmt":"2024-12-18T16:58:15","guid":{"rendered":"https:\/\/smart-age.eu\/privacy-policy\/"},"modified":"2025-03-19T11:01:08","modified_gmt":"2025-03-19T11:01:08","slug":"privacy-policy","status":"publish","type":"page","link":"https:\/\/smart-age.eu\/it\/privacy-policy\/","title":{"rendered":"Privacy Policy"},"content":{"rendered":"<p>[et_pb_section fb_built=&#8221;1&#8243; _builder_version=&#8221;4.27.4&#8243; _module_preset=&#8221;default&#8221; custom_padding=&#8221;3px||5px|||&#8221; global_colors_info=&#8221;{}&#8221;][et_pb_row _builder_version=&#8221;4.27.4&#8243; _module_preset=&#8221;default&#8221; global_colors_info=&#8221;{}&#8221;][et_pb_column type=&#8221;4_4&#8243; _builder_version=&#8221;4.27.4&#8243; _module_preset=&#8221;default&#8221; global_colors_info=&#8221;{}&#8221;][et_pb_text _builder_version=&#8221;4.27.4&#8243; _module_preset=&#8221;default&#8221; header_font=&#8221;|700||on|||||&#8221; header_font_size=&#8221;46px&#8221; header_font_size_tablet=&#8221;46px&#8221; header_font_size_phone=&#8221;31px&#8221; header_font_size_last_edited=&#8221;on|phone&#8221; global_colors_info=&#8221;{}&#8221;]<\/p>\n<h1 style=\"text-align: left;\">Privacy policy<\/h1>\n<p>[\/et_pb_text][\/et_pb_column][\/et_pb_row][\/et_pb_section][et_pb_section fb_built=&#8221;1&#8243; _builder_version=&#8221;4.27.4&#8243; _module_preset=&#8221;default&#8221; custom_padding=&#8221;0px|||||&#8221; global_colors_info=&#8221;{}&#8221;][et_pb_row _builder_version=&#8221;4.27.4&#8243; _module_preset=&#8221;default&#8221; custom_padding=&#8221;5px|||||&#8221; global_colors_info=&#8221;{}&#8221;][et_pb_column type=&#8221;4_4&#8243; _builder_version=&#8221;4.27.4&#8243; _module_preset=&#8221;default&#8221; global_colors_info=&#8221;{}&#8221;][et_pb_text _builder_version=&#8221;4.27.4&#8243; _module_preset=&#8221;default&#8221; hover_enabled=&#8221;0&#8243; global_colors_info=&#8221;{}&#8221; sticky_enabled=&#8221;0&#8243;]<\/p>\n<h3><strong>Protezione dei dati personali<\/strong><\/h3>\n<p><span>SMART-AGE<\/span> attribuisce grande importanza alla protezione della vostra privacy personale.<\/p>\n<p>Nella presente Informativa sulla privacy, <span>SMART-AGE<\/span> informa l&#8217;utente sul modo in cui tratta i suoi dati personali. <span>SMART-AGE<\/span> si riserva il diritto di apportare modifiche alla presente dichiarazione, se necessario, per rispondere alle esigenze e ai requisiti della societ\u00e0, nonch\u00e9 per rispettare le leggi e i regolamenti in materia. Pertanto, <span>SMART-AGE<\/span> consiglia di consultare regolarmente questa dichiarazione. <\/p>\n<h3><strong>Identit\u00e0 del responsabile del trattamento &#8211; Dati del responsabile della protezione dei dati<\/strong><\/h3>\n<p><span>SMART-AGE<\/span>, rappresentata da Wouter Verheyen, \u00e8 responsabile del trattamento dei vostri dati personali. Il nostro responsabile della protezione dei dati ha un ufficio in Venusstraat 23, 2000 Antwerpen e pu\u00f2 essere contattato via e-mail all&#8217;indirizzo <a href=\"mailto:wouter.verheyen@uantwerpen.be\">wouter.verheyen@uantwerpen.be<\/a>.  <\/p>\n<h3><strong>Garanzie per il trattamento dei dati personali:<\/strong><\/h3>\n<p>I vostri dati personali sono sempre trattati in conformit\u00e0 alle norme sulla privacy vigenti.<\/p>\n<p>I dati personali saranno raccolti e trattati solo per fornire le informazioni richieste o per fornire un servizio online. Il trattamento dei dati personali \u00e8 limitato all&#8217;obiettivo previsto. <\/p>\n<p>I dati personali non saranno divulgati a terzi e non saranno utilizzati per il marketing diretto, a meno che l&#8217;utente non abbia dato il proprio consenso tramite un \u201copt-in\u201d.<\/p>\n<p>SMART-AGE adotta le migliori misure di sicurezza possibili per impedire a terzi di abusare dei vostri dati personali.<\/p>\n<h3><strong>Finalit\u00e0 e base giuridica del trattamento dei vostri dati personali:<\/strong><\/h3>\n<p><strong>Quando si utilizza il nostro sito web:<\/strong><\/p>\n<p>\u00c8 possibile accedere alla maggior parte delle informazioni senza dover fornire alcun dato personale. In alcuni casi, tuttavia, vi verranno richiesti dati personali. <\/p>\n<p>Alcuni dati personali, come i cookie, vengono utilizzati per elaborare statistiche sugli utenti e per migliorare la sicurezza dei nostri siti web. <a href=\"https:\/\/smart-age.eu\/it\/cookie-policy-eu\/\">Potete leggere qui la nostra politica sui cookie<\/a>.<\/p>\n<p><strong>Base giuridica<\/strong>: consenso (cookie) e necessario per l&#8217;erogazione del servizio richiesto.<\/p>\n<h3><strong>Periodo di stoccaggio<\/strong><\/h3>\n<p>SMART-AGE non conserva mai i dati personali pi\u00f9 a lungo del necessario.<\/p>\n<p>Ad esempio, i dati personali dei <strong>visitatori del sito web<\/strong> (cookie) non vengono mai conservati pi\u00f9 a lungo di quanto sia necessario per gli scopi indicati nella Cookie Policy. Se vengono memorizzati altri dati personali dei visitatori del sito web, questi non saranno mai conservati pi\u00f9 a lungo del periodo concordato. <\/p>\n<p>I dati personali di terzi (co-appaltatori) sono conservati per la durata necessaria all&#8217;esecuzione degli accordi contrattuali.<\/p>\n<h3><strong>Diritti della persona interessata<\/strong><\/h3>\n<p>In qualit\u00e0 di interessati, avete il diritto di vedere i vostri dati personali, nonch\u00e9 di richiederne la correzione, la rimozione o la limitazione.<\/p>\n<p>In qualit\u00e0 di interessati avete anche il diritto di trasferire i vostri dati personali a voi stessi o a un nuovo responsabile del trattamento, nella misura in cui ci\u00f2 sia tecnicamente possibile. Se si desidera farlo, \u00e8 necessario comunicarlo in anticipo. <\/p>\n<p>La revoca del consenso \u00e8 sempre possibile senza che ci\u00f2 pregiudichi la liceit\u00e0 del trattamento dei dati personali, in quanto questo avviene sulla base dell&#8217;autorizzazione precedentemente concessa.<\/p>\n<p><a href=\"mailto:wouter.verheyen@uantwerpen.be\">Per esercitare i propri diritti di interessato, \u00e8 possibile scrivere a wouter.verheyen@uantwerpen.be<\/a>.<\/p>\n<p>In qualit\u00e0 di interessati, avete il diritto di presentare un reclamo all&#8217;Autorit\u00e0 per la protezione dei dati (GBA).<\/p>\n<h3>Violazione dei dati<\/h3>\n<p>Avete notato una violazione dei dati personali gestiti da SMART-AGE? Potete scrivere a <a href=\"mailto:wouter.verheyen@uantwerpen.be\">wouter.verheyen@uantwerpen.be&lt;\/a.<\/a>[\/et_pb_text][\/et_pb_column][\/et_pb_row][\/et_pb_section]<\/p>\n","protected":false},"excerpt":{"rendered":"<p>Privacy policyProtezione dei dati personali SMART-AGE attribuisce grande importanza alla protezione della vostra privacy personale. Nella presente Informativa sulla privacy, SMART-AGE informa l&#8217;utente sul modo in cui tratta i suoi dati personali. SMART-AGE si riserva il diritto di apportare modifiche alla presente dichiarazione, se necessario, per rispondere alle esigenze e ai requisiti della societ\u00e0, nonch\u00e9 [&hellip;]<\/p>\n","protected":false},"author":1,"featured_media":0,"parent":0,"menu_order":0,"comment_status":"closed","ping_status":"open","template":"","meta":{"_et_pb_use_builder":"on","_et_pb_old_content":"","_et_gb_content_width":"","_umich_oidc_access":"","footnotes":""},"class_list":["post-576","page","type-page","status-publish","hentry"],"yoast_head":"<!-- This site is optimized with the Yoast SEO plugin v27.5 - https:\/\/yoast.com\/product\/yoast-seo-wordpress\/ -->\n<title>Privacy Policy - SMART-AGE<\/title>\n<meta name=\"robots\" content=\"index, follow, max-snippet:-1, max-image-preview:large, max-video-preview:-1\" \/>\n<link rel=\"canonical\" href=\"https:\/\/smart-age.eu\/it\/privacy-policy\/\" \/>\n<meta property=\"og:locale\" content=\"it_IT\" \/>\n<meta property=\"og:type\" content=\"article\" \/>\n<meta property=\"og:title\" content=\"Privacy Policy - SMART-AGE\" \/>\n<meta property=\"og:description\" content=\"Privacy policyProtezione dei dati personali SMART-AGE attribuisce grande importanza alla protezione della vostra privacy personale. Nella presente Informativa sulla privacy, SMART-AGE informa l&#039;utente sul modo in cui tratta i suoi dati personali. SMART-AGE si riserva il diritto di apportare modifiche alla presente dichiarazione, se necessario, per rispondere alle esigenze e ai requisiti della societ\u00e0, nonch\u00e9 [&hellip;]\" \/>\n<meta property=\"og:url\" content=\"https:\/\/smart-age.eu\/it\/privacy-policy\/\" \/>\n<meta property=\"og:site_name\" content=\"SMART-AGE\" \/>\n<meta property=\"article:modified_time\" content=\"2025-03-19T11:01:08+00:00\" \/>\n<meta name=\"twitter:card\" content=\"summary_large_image\" \/>\n<meta name=\"twitter:label1\" content=\"Tempo di lettura stimato\" \/>\n\t<meta name=\"twitter:data1\" content=\"3 minuti\" \/>\n<script type=\"application\/ld+json\" class=\"yoast-schema-graph\">{\"@context\":\"https:\\\/\\\/schema.org\",\"@graph\":[{\"@type\":\"WebPage\",\"@id\":\"https:\\\/\\\/smart-age.eu\\\/it\\\/privacy-policy\\\/\",\"url\":\"https:\\\/\\\/smart-age.eu\\\/it\\\/privacy-policy\\\/\",\"name\":\"Privacy Policy - SMART-AGE\",\"isPartOf\":{\"@id\":\"https:\\\/\\\/smart-age.eu\\\/#website\"},\"datePublished\":\"2024-12-18T16:58:15+00:00\",\"dateModified\":\"2025-03-19T11:01:08+00:00\",\"breadcrumb\":{\"@id\":\"https:\\\/\\\/smart-age.eu\\\/it\\\/privacy-policy\\\/#breadcrumb\"},\"inLanguage\":\"it-IT\",\"potentialAction\":[{\"@type\":\"ReadAction\",\"target\":[\"https:\\\/\\\/smart-age.eu\\\/it\\\/privacy-policy\\\/\"]}]},{\"@type\":\"BreadcrumbList\",\"@id\":\"https:\\\/\\\/smart-age.eu\\\/it\\\/privacy-policy\\\/#breadcrumb\",\"itemListElement\":[{\"@type\":\"ListItem\",\"position\":1,\"name\":\"Home\",\"item\":\"https:\\\/\\\/smart-age.eu\\\/it\\\/home\\\/\"},{\"@type\":\"ListItem\",\"position\":2,\"name\":\"Privacy Policy\"}]},{\"@type\":\"WebSite\",\"@id\":\"https:\\\/\\\/smart-age.eu\\\/#website\",\"url\":\"https:\\\/\\\/smart-age.eu\\\/\",\"name\":\"SMART-AGE\",\"description\":\"Sustainable Mobility and Accessibility for Resilient Transport in Aging Urban Environments\",\"potentialAction\":[{\"@type\":\"SearchAction\",\"target\":{\"@type\":\"EntryPoint\",\"urlTemplate\":\"https:\\\/\\\/smart-age.eu\\\/?s={search_term_string}\"},\"query-input\":{\"@type\":\"PropertyValueSpecification\",\"valueRequired\":true,\"valueName\":\"search_term_string\"}}],\"inLanguage\":\"it-IT\"}]}<\/script>\n<!-- \/ Yoast SEO plugin. -->","yoast_head_json":{"title":"Privacy Policy - SMART-AGE","robots":{"index":"index","follow":"follow","max-snippet":"max-snippet:-1","max-image-preview":"max-image-preview:large","max-video-preview":"max-video-preview:-1"},"canonical":"https:\/\/smart-age.eu\/it\/privacy-policy\/","og_locale":"it_IT","og_type":"article","og_title":"Privacy Policy - SMART-AGE","og_description":"Privacy policyProtezione dei dati personali SMART-AGE attribuisce grande importanza alla protezione della vostra privacy personale. Nella presente Informativa sulla privacy, SMART-AGE informa l'utente sul modo in cui tratta i suoi dati personali. SMART-AGE si riserva il diritto di apportare modifiche alla presente dichiarazione, se necessario, per rispondere alle esigenze e ai requisiti della societ\u00e0, nonch\u00e9 [&hellip;]","og_url":"https:\/\/smart-age.eu\/it\/privacy-policy\/","og_site_name":"SMART-AGE","article_modified_time":"2025-03-19T11:01:08+00:00","twitter_card":"summary_large_image","twitter_misc":{"Tempo di lettura stimato":"3 minuti"},"schema":{"@context":"https:\/\/schema.org","@graph":[{"@type":"WebPage","@id":"https:\/\/smart-age.eu\/it\/privacy-policy\/","url":"https:\/\/smart-age.eu\/it\/privacy-policy\/","name":"Privacy Policy - SMART-AGE","isPartOf":{"@id":"https:\/\/smart-age.eu\/#website"},"datePublished":"2024-12-18T16:58:15+00:00","dateModified":"2025-03-19T11:01:08+00:00","breadcrumb":{"@id":"https:\/\/smart-age.eu\/it\/privacy-policy\/#breadcrumb"},"inLanguage":"it-IT","potentialAction":[{"@type":"ReadAction","target":["https:\/\/smart-age.eu\/it\/privacy-policy\/"]}]},{"@type":"BreadcrumbList","@id":"https:\/\/smart-age.eu\/it\/privacy-policy\/#breadcrumb","itemListElement":[{"@type":"ListItem","position":1,"name":"Home","item":"https:\/\/smart-age.eu\/it\/home\/"},{"@type":"ListItem","position":2,"name":"Privacy Policy"}]},{"@type":"WebSite","@id":"https:\/\/smart-age.eu\/#website","url":"https:\/\/smart-age.eu\/","name":"SMART-AGE","description":"Sustainable Mobility and Accessibility for Resilient Transport in Aging Urban Environments","potentialAction":[{"@type":"SearchAction","target":{"@type":"EntryPoint","urlTemplate":"https:\/\/smart-age.eu\/?s={search_term_string}"},"query-input":{"@type":"PropertyValueSpecification","valueRequired":true,"valueName":"search_term_string"}}],"inLanguage":"it-IT"}]}},"_links":{"self":[{"href":"https:\/\/smart-age.eu\/it\/wp-json\/wp\/v2\/pages\/576","targetHints":{"allow":["GET"]}}],"collection":[{"href":"https:\/\/smart-age.eu\/it\/wp-json\/wp\/v2\/pages"}],"about":[{"href":"https:\/\/smart-age.eu\/it\/wp-json\/wp\/v2\/types\/page"}],"author":[{"embeddable":true,"href":"https:\/\/smart-age.eu\/it\/wp-json\/wp\/v2\/users\/1"}],"replies":[{"embeddable":true,"href":"https:\/\/smart-age.eu\/it\/wp-json\/wp\/v2\/comments?post=576"}],"version-history":[{"count":5,"href":"https:\/\/smart-age.eu\/it\/wp-json\/wp\/v2\/pages\/576\/revisions"}],"predecessor-version":[{"id":705,"href":"https:\/\/smart-age.eu\/it\/wp-json\/wp\/v2\/pages\/576\/revisions\/705"}],"wp:attachment":[{"href":"https:\/\/smart-age.eu\/it\/wp-json\/wp\/v2\/media?parent=576"}],"curies":[{"name":"wp","href":"https:\/\/api.w.org\/{rel}","templated":true}]}}