{"id":320,"date":"2025-02-07T08:27:33","date_gmt":"2025-02-07T08:27:33","guid":{"rendered":"https:\/\/smart-age.eu\/rozpowszechnianie\/"},"modified":"2025-03-22T13:53:59","modified_gmt":"2025-03-22T13:53:59","slug":"rozpowszechnianie","status":"publish","type":"page","link":"https:\/\/smart-age.eu\/pl\/rozpowszechnianie\/","title":{"rendered":"Rozpowszechnianie"},"content":{"rendered":"<p>[et_pb_section fb_built=&#8221;1&#8243; _builder_version=&#8221;4.27.4&#8243; _module_preset=&#8221;default&#8221; custom_padding=&#8221;3px||5px|||&#8221; global_colors_info=&#8221;{}&#8221;][et_pb_row _builder_version=&#8221;4.27.4&#8243; _module_preset=&#8221;default&#8221; global_colors_info=&#8221;{}&#8221;][et_pb_column type=&#8221;4_4&#8243; _builder_version=&#8221;4.27.4&#8243; _module_preset=&#8221;default&#8221; global_colors_info=&#8221;{}&#8221;][et_pb_text _builder_version=&#8221;4.27.4&#8243; _module_preset=&#8221;default&#8221; header_font=&#8221;|700||on|||||&#8221; header_font_size=&#8221;46px&#8221; header_font_size_tablet=&#8221;46px&#8221; header_font_size_phone=&#8221;31px&#8221; header_font_size_last_edited=&#8221;on|phone&#8221; global_colors_info=&#8221;{}&#8221;]<\/p>\n<h1 style=\"text-align: left;\">Rozpowszechnianie<\/h1>\n<p>[\/et_pb_text][\/et_pb_column][\/et_pb_row][\/et_pb_section][et_pb_section fb_built=&#8221;1&#8243; _builder_version=&#8221;4.27.4&#8243; _module_preset=&#8221;default&#8221; custom_padding=&#8221;0px|||||&#8221; global_colors_info=&#8221;{}&#8221;][et_pb_row _builder_version=&#8221;4.27.4&#8243; _module_preset=&#8221;default&#8221; custom_padding=&#8221;5px|||||&#8221; global_colors_info=&#8221;{}&#8221;][et_pb_column type=&#8221;4_4&#8243; _builder_version=&#8221;4.27.4&#8243; _module_preset=&#8221;default&#8221; global_colors_info=&#8221;{}&#8221;][et_pb_text _builder_version=&#8221;4.27.4&#8243; _module_preset=&#8221;default&#8221; hover_enabled=&#8221;0&#8243; global_colors_info=&#8221;{}&#8221; sticky_enabled=&#8221;0&#8243;]<\/p>\n<p><strong>Aktualizacja ju\u017c wkr\u00f3tce.<br \/><\/strong><span>Projekt SMART-AGE ma na celu dzielenie si\u0119 cennymi spostrze\u017ceniami, wynikami bada\u0144 i najlepszymi praktykami w zakresie zr\u00f3wnowa\u017conej mobilno\u015bci i dost\u0119pno\u015bci w starzej\u0105cych si\u0119 \u015brodowiskach miejskich.<br \/><\/span><span>Wkr\u00f3tce pojawi\u0105 si\u0119 raporty, artyku\u0142y i inne zasoby!<\/span><\/p>\n<p>[\/et_pb_text][\/et_pb_column][\/et_pb_row][\/et_pb_section]<\/p>\n","protected":false},"excerpt":{"rendered":"<p>RozpowszechnianieAktualizacja ju\u017c wkr\u00f3tce.Projekt SMART-AGE ma na celu dzielenie si\u0119 cennymi spostrze\u017ceniami, wynikami bada\u0144 i najlepszymi praktykami w zakresie zr\u00f3wnowa\u017conej mobilno\u015bci i dost\u0119pno\u015bci w starzej\u0105cych si\u0119 \u015brodowiskach miejskich.Wkr\u00f3tce pojawi\u0105 si\u0119 raporty, artyku\u0142y i inne zasoby!<\/p>\n","protected":false},"author":3,"featured_media":0,"parent":0,"menu_order":0,"comment_status":"closed","ping_status":"closed","template":"","meta":{"_et_pb_use_builder":"on","_et_pb_old_content":"","_et_gb_content_width":"","_umich_oidc_access":"","footnotes":""},"class_list":["post-320","page","type-page","status-publish","hentry"],"yoast_head":"<!-- This site is optimized with the Yoast SEO plugin v27.5 - https:\/\/yoast.com\/product\/yoast-seo-wordpress\/ -->\n<title>Rozpowszechnianie - SMART-AGE<\/title>\n<meta name=\"robots\" content=\"index, follow, max-snippet:-1, max-image-preview:large, max-video-preview:-1\" \/>\n<link rel=\"canonical\" href=\"https:\/\/smart-age.eu\/pl\/rozpowszechnianie\/\" \/>\n<meta property=\"og:locale\" content=\"pl_PL\" \/>\n<meta property=\"og:type\" content=\"article\" \/>\n<meta property=\"og:title\" content=\"Rozpowszechnianie - SMART-AGE\" \/>\n<meta property=\"og:description\" content=\"RozpowszechnianieAktualizacja ju\u017c wkr\u00f3tce.Projekt SMART-AGE ma na celu dzielenie si\u0119 cennymi spostrze\u017ceniami, wynikami bada\u0144 i najlepszymi praktykami w zakresie zr\u00f3wnowa\u017conej mobilno\u015bci i dost\u0119pno\u015bci w starzej\u0105cych si\u0119 \u015brodowiskach miejskich.Wkr\u00f3tce pojawi\u0105 si\u0119 raporty, artyku\u0142y i inne zasoby!\" \/>\n<meta property=\"og:url\" content=\"https:\/\/smart-age.eu\/pl\/rozpowszechnianie\/\" \/>\n<meta property=\"og:site_name\" content=\"SMART-AGE\" \/>\n<meta property=\"article:modified_time\" content=\"2025-03-22T13:53:59+00:00\" \/>\n<meta name=\"twitter:card\" content=\"summary_large_image\" \/>\n<meta name=\"twitter:label1\" content=\"Szacowany czas czytania\" \/>\n\t<meta name=\"twitter:data1\" content=\"1 minuta\" \/>\n<script type=\"application\/ld+json\" class=\"yoast-schema-graph\">{\"@context\":\"https:\\\/\\\/schema.org\",\"@graph\":[{\"@type\":\"WebPage\",\"@id\":\"https:\\\/\\\/smart-age.eu\\\/pl\\\/rozpowszechnianie\\\/\",\"url\":\"https:\\\/\\\/smart-age.eu\\\/pl\\\/rozpowszechnianie\\\/\",\"name\":\"Rozpowszechnianie - SMART-AGE\",\"isPartOf\":{\"@id\":\"https:\\\/\\\/smart-age.eu\\\/#website\"},\"datePublished\":\"2025-02-07T08:27:33+00:00\",\"dateModified\":\"2025-03-22T13:53:59+00:00\",\"breadcrumb\":{\"@id\":\"https:\\\/\\\/smart-age.eu\\\/pl\\\/rozpowszechnianie\\\/#breadcrumb\"},\"inLanguage\":\"pl-PL\",\"potentialAction\":[{\"@type\":\"ReadAction\",\"target\":[\"https:\\\/\\\/smart-age.eu\\\/pl\\\/rozpowszechnianie\\\/\"]}]},{\"@type\":\"BreadcrumbList\",\"@id\":\"https:\\\/\\\/smart-age.eu\\\/pl\\\/rozpowszechnianie\\\/#breadcrumb\",\"itemListElement\":[{\"@type\":\"ListItem\",\"position\":1,\"name\":\"Home\",\"item\":\"https:\\\/\\\/smart-age.eu\\\/pl\\\/home\\\/\"},{\"@type\":\"ListItem\",\"position\":2,\"name\":\"Rozpowszechnianie\"}]},{\"@type\":\"WebSite\",\"@id\":\"https:\\\/\\\/smart-age.eu\\\/#website\",\"url\":\"https:\\\/\\\/smart-age.eu\\\/\",\"name\":\"SMART-AGE\",\"description\":\"Sustainable Mobility and Accessibility for Resilient Transport in Aging Urban Environments\",\"potentialAction\":[{\"@type\":\"SearchAction\",\"target\":{\"@type\":\"EntryPoint\",\"urlTemplate\":\"https:\\\/\\\/smart-age.eu\\\/?s={search_term_string}\"},\"query-input\":{\"@type\":\"PropertyValueSpecification\",\"valueRequired\":true,\"valueName\":\"search_term_string\"}}],\"inLanguage\":\"pl-PL\"}]}<\/script>\n<!-- \/ Yoast SEO plugin. -->","yoast_head_json":{"title":"Rozpowszechnianie - SMART-AGE","robots":{"index":"index","follow":"follow","max-snippet":"max-snippet:-1","max-image-preview":"max-image-preview:large","max-video-preview":"max-video-preview:-1"},"canonical":"https:\/\/smart-age.eu\/pl\/rozpowszechnianie\/","og_locale":"pl_PL","og_type":"article","og_title":"Rozpowszechnianie - SMART-AGE","og_description":"RozpowszechnianieAktualizacja ju\u017c wkr\u00f3tce.Projekt SMART-AGE ma na celu dzielenie si\u0119 cennymi spostrze\u017ceniami, wynikami bada\u0144 i najlepszymi praktykami w zakresie zr\u00f3wnowa\u017conej mobilno\u015bci i dost\u0119pno\u015bci w starzej\u0105cych si\u0119 \u015brodowiskach miejskich.Wkr\u00f3tce pojawi\u0105 si\u0119 raporty, artyku\u0142y i inne zasoby!","og_url":"https:\/\/smart-age.eu\/pl\/rozpowszechnianie\/","og_site_name":"SMART-AGE","article_modified_time":"2025-03-22T13:53:59+00:00","twitter_card":"summary_large_image","twitter_misc":{"Szacowany czas czytania":"1 minuta"},"schema":{"@context":"https:\/\/schema.org","@graph":[{"@type":"WebPage","@id":"https:\/\/smart-age.eu\/pl\/rozpowszechnianie\/","url":"https:\/\/smart-age.eu\/pl\/rozpowszechnianie\/","name":"Rozpowszechnianie - SMART-AGE","isPartOf":{"@id":"https:\/\/smart-age.eu\/#website"},"datePublished":"2025-02-07T08:27:33+00:00","dateModified":"2025-03-22T13:53:59+00:00","breadcrumb":{"@id":"https:\/\/smart-age.eu\/pl\/rozpowszechnianie\/#breadcrumb"},"inLanguage":"pl-PL","potentialAction":[{"@type":"ReadAction","target":["https:\/\/smart-age.eu\/pl\/rozpowszechnianie\/"]}]},{"@type":"BreadcrumbList","@id":"https:\/\/smart-age.eu\/pl\/rozpowszechnianie\/#breadcrumb","itemListElement":[{"@type":"ListItem","position":1,"name":"Home","item":"https:\/\/smart-age.eu\/pl\/home\/"},{"@type":"ListItem","position":2,"name":"Rozpowszechnianie"}]},{"@type":"WebSite","@id":"https:\/\/smart-age.eu\/#website","url":"https:\/\/smart-age.eu\/","name":"SMART-AGE","description":"Sustainable Mobility and Accessibility for Resilient Transport in Aging Urban Environments","potentialAction":[{"@type":"SearchAction","target":{"@type":"EntryPoint","urlTemplate":"https:\/\/smart-age.eu\/?s={search_term_string}"},"query-input":{"@type":"PropertyValueSpecification","valueRequired":true,"valueName":"search_term_string"}}],"inLanguage":"pl-PL"}]}},"_links":{"self":[{"href":"https:\/\/smart-age.eu\/pl\/wp-json\/wp\/v2\/pages\/320","targetHints":{"allow":["GET"]}}],"collection":[{"href":"https:\/\/smart-age.eu\/pl\/wp-json\/wp\/v2\/pages"}],"about":[{"href":"https:\/\/smart-age.eu\/pl\/wp-json\/wp\/v2\/types\/page"}],"author":[{"embeddable":true,"href":"https:\/\/smart-age.eu\/pl\/wp-json\/wp\/v2\/users\/3"}],"replies":[{"embeddable":true,"href":"https:\/\/smart-age.eu\/pl\/wp-json\/wp\/v2\/comments?post=320"}],"version-history":[{"count":20,"href":"https:\/\/smart-age.eu\/pl\/wp-json\/wp\/v2\/pages\/320\/revisions"}],"predecessor-version":[{"id":753,"href":"https:\/\/smart-age.eu\/pl\/wp-json\/wp\/v2\/pages\/320\/revisions\/753"}],"wp:attachment":[{"href":"https:\/\/smart-age.eu\/pl\/wp-json\/wp\/v2\/media?parent=320"}],"curies":[{"name":"wp","href":"https:\/\/api.w.org\/{rel}","templated":true}]}}