{"id":597,"date":"2025-02-07T08:26:42","date_gmt":"2025-02-07T08:26:42","guid":{"rendered":"https:\/\/smart-age.eu\/home\/"},"modified":"2025-03-25T11:24:20","modified_gmt":"2025-03-25T11:24:20","slug":"home","status":"publish","type":"page","link":"https:\/\/smart-age.eu\/pl\/","title":{"rendered":"Home"},"content":{"rendered":"<p>[et_pb_section fb_built=&#8221;1&#8243; _builder_version=&#8221;4.27.4&#8243; _module_preset=&#8221;default&#8221; custom_padding=&#8221;4px||4px|||&#8221; global_colors_info=&#8221;{}&#8221;][et_pb_row _builder_version=&#8221;4.27.4&#8243; _module_preset=&#8221;default&#8221; global_colors_info=&#8221;{}&#8221;][et_pb_column type=&#8221;4_4&#8243; _builder_version=&#8221;4.27.4&#8243; _module_preset=&#8221;default&#8221; global_colors_info=&#8221;{}&#8221;][et_pb_text _builder_version=&#8221;4.27.4&#8243; _module_preset=&#8221;default&#8221; header_font_size=&#8221;70px&#8221; custom_margin=&#8221;||0px|||&#8221; header_font_size_tablet=&#8221;70px&#8221; header_font_size_phone=&#8221;44px&#8221; header_font_size_last_edited=&#8221;on|phone&#8221; global_colors_info=&#8221;{}&#8221;]<\/p>\n<h1 style=\"text-align: center;\"><strong>SMART-AGE<\/strong><\/h1>\n<p>[\/et_pb_text][et_pb_cta title=&#8221;Zr\u00f3wnowa\u017cona mobilno\u015b\u0107 i dost\u0119pno\u015b\u0107 dla rezylientnego transportu dostosowanego do potrzeb starzej\u0105cego si\u0119 spo\u0142ecze\u0144stwa w miastach&#8221; button_url=&#8221;https:\/\/smart-age.eu\/pl\/projekt\/&#8221; button_text=&#8221;Dowiedz si\u0119 wi\u0119cej&#8221; _builder_version=&#8221;4.27.4&#8243; _module_preset=&#8221;default&#8221; header_font=&#8221;|700|||||||&#8221; header_text_color=&#8221;#19BF6C&#8221; header_font_size=&#8221;40px&#8221; header_line_height=&#8221;1.3em&#8221; body_font=&#8221;||||||||&#8221; body_text_color=&#8221;#053541&#8243; body_font_size=&#8221;20px&#8221; body_line_height=&#8221;1.5em&#8221; background_color=&#8221;#FFFFFF&#8221; custom_button=&#8221;on&#8221; button_text_size=&#8221;18px&#8221; button_text_color=&#8221;#053541&#8243; button_bg_color=&#8221;#19BF6C&#8221; button_border_width=&#8221;3px&#8221; button_border_color=&#8221;#19BF6C&#8221; button_border_radius=&#8221;50px&#8221; button_font=&#8221;|700||on|||||&#8221; button_use_icon=&#8221;off&#8221; background_layout=&#8221;light&#8221; custom_margin_tablet=&#8221;&#8221; custom_margin_phone=&#8221;|0px||0px|false|false&#8221; custom_margin_last_edited=&#8221;on|phone&#8221; custom_padding=&#8221;0px|0px||0px|false|false&#8221; header_font_size_tablet=&#8221;40px&#8221; header_font_size_phone=&#8221;29px&#8221; header_font_size_last_edited=&#8221;on|phone&#8221; global_colors_info=&#8221;{}&#8221; button_bg_color__hover_enabled=&#8221;on|desktop&#8221; button_bg_color__hover=&#8221;#FFFFFF&#8221; button_bg_enable_color__hover=&#8221;on&#8221;]<\/p>\n<p>SMART-AGE to projekt realizowany w ramach partnerstwa Driving Urban Transitions (DUT), finansowany przez Komisj\u0119 Europejsk\u0105 w programie Horizon Europe Partnership. Jego celem jest zwi\u0119kszenie dost\u0119pno\u015bci transportu miejskiego dla os\u00f3b starszych (65+) poprzez eliminowanie barier utrudniaj\u0105cych im przej\u015bcie na zr\u00f3wnowa\u017cone i wsp\u00f3\u0142dzielone \u015brodki transportu. Projekt obejmuje tak\u017ce opracowanie inkluzywnej polityki i rozwi\u0105za\u0144 projektowych dostosowuj\u0105cych systemy mobilno\u015bci do potrzeb starzej\u0105cego si\u0119 spo\u0142ecze\u0144stwa. <\/p>\n<p>[\/et_pb_cta][\/et_pb_column][\/et_pb_row][\/et_pb_section][et_pb_section fb_built=&#8221;1&#8243; _builder_version=&#8221;4.27.4&#8243; _module_preset=&#8221;default&#8221; custom_padding=&#8221;0px|||||&#8221; global_colors_info=&#8221;{}&#8221;][et_pb_row _builder_version=&#8221;4.27.4&#8243; _module_preset=&#8221;default&#8221; global_colors_info=&#8221;{}&#8221;][et_pb_column type=&#8221;4_4&#8243; _builder_version=&#8221;4.27.4&#8243; _module_preset=&#8221;default&#8221; global_colors_info=&#8221;{}&#8221;][et_pb_text _builder_version=&#8221;4.27.4&#8243; _module_preset=&#8221;default&#8221; header_2_font=&#8221;|700|||||||&#8221; header_2_text_align=&#8221;center&#8221; header_2_font_size=&#8221;30px&#8221; global_colors_info=&#8221;{}&#8221;]<\/p>\n<h2>Najnowsze wiadomo\u015bci<\/h2>\n<p>[\/et_pb_text][\/et_pb_column][\/et_pb_row][et_pb_row _builder_version=&#8221;4.27.4&#8243; _module_preset=&#8221;default&#8221; global_colors_info=&#8221;{}&#8221;][et_pb_column type=&#8221;4_4&#8243; _builder_version=&#8221;4.27.4&#8243; _module_preset=&#8221;default&#8221; global_colors_info=&#8221;{}&#8221;][et_pb_blog fullwidth=&#8221;off&#8221; posts_number=&#8221;3&#8243; meta_date=&#8221;M Y&#8221; show_more=&#8221;on&#8221; show_author=&#8221;off&#8221; show_categories=&#8221;off&#8221; show_pagination=&#8221;off&#8221; module_class=&#8221;pa-blog-equal-height&#8221; _builder_version=&#8221;4.27.4&#8243; _module_preset=&#8221;default&#8221; header_font=&#8221;|700|||||||&#8221; header_text_color=&#8221;#053541&#8243; header_font_size=&#8221;22px&#8221; header_line_height=&#8221;1.8em&#8221; body_font=&#8221;||||||||&#8221; body_text_color=&#8221;#053541&#8243; body_font_size=&#8221;15px&#8221; meta_text_color=&#8221;#0074D9&#8243; read_more_font=&#8221;|700||on|||||&#8221; read_more_text_color=&#8221;#0074D9&#8243; read_more_line_height=&#8221;2.6em&#8221; border_radii=&#8221;on|30px|30px|30px|30px&#8221; box_shadow_style=&#8221;preset3&#8243; box_shadow_blur=&#8221;16px&#8221; global_colors_info=&#8221;{}&#8221;][\/et_pb_blog][et_pb_button button_url=&#8221;https:\/\/smart-age.eu\/pl\/aktualnosci\/&#8221; button_text=&#8221;Zobacz wi\u0119cej wiadomo\u015bci&#8221; button_alignment=&#8221;center&#8221; _builder_version=&#8221;4.27.4&#8243; _module_preset=&#8221;default&#8221; custom_button=&#8221;on&#8221; button_text_size=&#8221;17px&#8221; button_text_color=&#8221;#053541&#8243; button_bg_color=&#8221;#FFFFFF&#8221; button_border_width=&#8221;3px&#8221; button_border_color=&#8221;#19BF6C&#8221; button_border_radius=&#8221;50px&#8221; button_font=&#8221;|700||on|||||&#8221; button_use_icon=&#8221;off&#8221; global_colors_info=&#8221;{}&#8221; button_bg_color__hover_enabled=&#8221;on|desktop&#8221; button_bg_color__hover=&#8221;#19BF6C&#8221; button_bg_enable_color__hover=&#8221;on&#8221;][\/et_pb_button][\/et_pb_column][\/et_pb_row][\/et_pb_section][et_pb_section fb_built=&#8221;1&#8243; _builder_version=&#8221;4.27.4&#8243; _module_preset=&#8221;default&#8221; background_color=&#8221;#E5E5E5&#8243; saved_tabs=&#8221;all&#8221; global_colors_info=&#8221;{}&#8221;][et_pb_row _builder_version=&#8221;4.27.4&#8243; _module_preset=&#8221;default&#8221; global_colors_info=&#8221;{}&#8221;][et_pb_column type=&#8221;4_4&#8243; _builder_version=&#8221;4.27.4&#8243; _module_preset=&#8221;default&#8221; global_colors_info=&#8221;{}&#8221;][et_pb_contact_form email=&#8221;wouter.verheyen@uantwerpen.be&#8221; title=&#8221;Skontaktuj si\u0119 z nami&#8221; custom_message=&#8221;Name: %%name%%||et_pb_line_break_holder||E-mail: %%email%%||et_pb_line_break_holder||Message: %%message%%&#8221; success_message=&#8221;Dzi\u0119kujemy za wiadomo\u015b\u0107. Skontaktujemy si\u0119 z Tob\u0105 tak szybko, jak to mo\u017cliwe. &#8221; submit_button_text=&#8221;WY\u015aLIJ&#8221; _builder_version=&#8221;4.27.4&#8243; _module_preset=&#8221;default&#8221; _unique_id=&#8221;ca4a9b10-a112-40f0-b183-be6e4b5edbfc&#8221; form_field_text_color=&#8221;#053541&#8243; form_field_focus_text_color=&#8221;#053541&#8243; title_font=&#8221;|700|||||||&#8221; title_text_align=&#8221;center&#8221; title_text_color=&#8221;#053541&#8243; title_line_height=&#8221;1.8em&#8221; captcha_font=&#8221;|700|||||||&#8221; form_field_font=&#8221;|700||on|||||&#8221; custom_button=&#8221;on&#8221; button_text_size=&#8221;18px&#8221; button_text_color=&#8221;#053541&#8243; button_bg_color=&#8221;#19BF6C&#8221; button_border_width=&#8221;4px&#8221; button_border_color=&#8221;#19BF6C&#8221; button_border_radius=&#8221;50px&#8221; button_font=&#8221;|700|||||||&#8221; button_use_icon=&#8221;off&#8221; global_colors_info=&#8221;{}&#8221; button_bg_color__hover_enabled=&#8221;on|desktop&#8221; button_bg_color__hover=&#8221;#FFFFFF&#8221; button_bg_enable_color__hover=&#8221;on&#8221;][et_pb_contact_field field_id=&#8221;Name&#8221; field_title=&#8221;Nazwa&#8221; _builder_version=&#8221;4.16&#8243; global_colors_info=&#8221;{}&#8221; button_text_size__hover_enabled=&#8221;off&#8221; button_one_text_size__hover_enabled=&#8221;off&#8221; button_two_text_size__hover_enabled=&#8221;off&#8221; button_text_color__hover_enabled=&#8221;off&#8221; button_one_text_color__hover_enabled=&#8221;off&#8221; button_two_text_color__hover_enabled=&#8221;off&#8221; button_border_width__hover_enabled=&#8221;off&#8221; button_one_border_width__hover_enabled=&#8221;off&#8221; button_two_border_width__hover_enabled=&#8221;off&#8221; button_border_color__hover_enabled=&#8221;off&#8221; button_one_border_color__hover_enabled=&#8221;off&#8221; button_two_border_color__hover_enabled=&#8221;off&#8221; button_border_radius__hover_enabled=&#8221;off&#8221; button_one_border_radius__hover_enabled=&#8221;off&#8221; button_two_border_radius__hover_enabled=&#8221;off&#8221; button_letter_spacing__hover_enabled=&#8221;off&#8221; button_one_letter_spacing__hover_enabled=&#8221;off&#8221; button_two_letter_spacing__hover_enabled=&#8221;off&#8221; button_bg_color__hover_enabled=&#8221;off&#8221; button_one_bg_color__hover_enabled=&#8221;off&#8221; button_two_bg_color__hover_enabled=&#8221;off&#8221;][\/et_pb_contact_field][et_pb_contact_field field_id=&#8221;Email&#8221; field_title=&#8221;Adres e-mail&#8221; field_type=&#8221;email&#8221; _builder_version=&#8221;4.16&#8243; global_colors_info=&#8221;{}&#8221; button_text_size__hover_enabled=&#8221;off&#8221; button_one_text_size__hover_enabled=&#8221;off&#8221; button_two_text_size__hover_enabled=&#8221;off&#8221; button_text_color__hover_enabled=&#8221;off&#8221; button_one_text_color__hover_enabled=&#8221;off&#8221; button_two_text_color__hover_enabled=&#8221;off&#8221; button_border_width__hover_enabled=&#8221;off&#8221; button_one_border_width__hover_enabled=&#8221;off&#8221; button_two_border_width__hover_enabled=&#8221;off&#8221; button_border_color__hover_enabled=&#8221;off&#8221; button_one_border_color__hover_enabled=&#8221;off&#8221; button_two_border_color__hover_enabled=&#8221;off&#8221; button_border_radius__hover_enabled=&#8221;off&#8221; button_one_border_radius__hover_enabled=&#8221;off&#8221; button_two_border_radius__hover_enabled=&#8221;off&#8221; button_letter_spacing__hover_enabled=&#8221;off&#8221; button_one_letter_spacing__hover_enabled=&#8221;off&#8221; button_two_letter_spacing__hover_enabled=&#8221;off&#8221; button_bg_color__hover_enabled=&#8221;off&#8221; button_one_bg_color__hover_enabled=&#8221;off&#8221; button_two_bg_color__hover_enabled=&#8221;off&#8221;][\/et_pb_contact_field][et_pb_contact_field field_id=&#8221;Message&#8221; field_title=&#8221;Wiadomo\u015b\u0107&#8221; field_type=&#8221;text&#8221; fullwidth_field=&#8221;on&#8221; _builder_version=&#8221;4.16&#8243; global_colors_info=&#8221;{}&#8221; button_text_size__hover_enabled=&#8221;off&#8221; button_one_text_size__hover_enabled=&#8221;off&#8221; button_two_text_size__hover_enabled=&#8221;off&#8221; button_text_color__hover_enabled=&#8221;off&#8221; button_one_text_color__hover_enabled=&#8221;off&#8221; button_two_text_color__hover_enabled=&#8221;off&#8221; button_border_width__hover_enabled=&#8221;off&#8221; button_one_border_width__hover_enabled=&#8221;off&#8221; button_two_border_width__hover_enabled=&#8221;off&#8221; button_border_color__hover_enabled=&#8221;off&#8221; button_one_border_color__hover_enabled=&#8221;off&#8221; button_two_border_color__hover_enabled=&#8221;off&#8221; button_border_radius__hover_enabled=&#8221;off&#8221; button_one_border_radius__hover_enabled=&#8221;off&#8221; button_two_border_radius__hover_enabled=&#8221;off&#8221; button_letter_spacing__hover_enabled=&#8221;off&#8221; button_one_letter_spacing__hover_enabled=&#8221;off&#8221; button_two_letter_spacing__hover_enabled=&#8221;off&#8221; button_bg_color__hover_enabled=&#8221;off&#8221; button_one_bg_color__hover_enabled=&#8221;off&#8221; button_two_bg_color__hover_enabled=&#8221;off&#8221;][\/et_pb_contact_field][\/et_pb_contact_form][\/et_pb_column][\/et_pb_row][\/et_pb_section]<\/p>\n","protected":false},"excerpt":{"rendered":"<p>SMART-AGESMART-AGE to projekt realizowany w ramach partnerstwa Driving Urban Transitions (DUT), finansowany przez Komisj\u0119 Europejsk\u0105 w programie Horizon Europe Partnership. Jego celem jest zwi\u0119kszenie dost\u0119pno\u015bci transportu miejskiego dla os\u00f3b starszych (65+) poprzez eliminowanie barier utrudniaj\u0105cych im przej\u015bcie na zr\u00f3wnowa\u017cone i wsp\u00f3\u0142dzielone \u015brodki transportu. Projekt obejmuje tak\u017ce opracowanie inkluzywnej polityki i rozwi\u0105za\u0144 projektowych dostosowuj\u0105cych systemy mobilno\u015bci [&hellip;]<\/p>\n","protected":false},"author":3,"featured_media":0,"parent":0,"menu_order":0,"comment_status":"closed","ping_status":"closed","template":"","meta":{"_et_pb_use_builder":"on","_et_pb_old_content":"","_et_gb_content_width":"","_umich_oidc_access":"","footnotes":""},"class_list":["post-597","page","type-page","status-publish","hentry"],"yoast_head":"<!-- This site is optimized with the Yoast SEO plugin v27.5 - https:\/\/yoast.com\/product\/yoast-seo-wordpress\/ -->\n<title>Home - SMART-AGE<\/title>\n<meta name=\"robots\" content=\"index, follow, max-snippet:-1, max-image-preview:large, max-video-preview:-1\" \/>\n<link rel=\"canonical\" href=\"https:\/\/smart-age.eu\/pl\/home\/\" \/>\n<meta property=\"og:locale\" content=\"pl_PL\" \/>\n<meta property=\"og:type\" content=\"article\" \/>\n<meta property=\"og:title\" content=\"Home - SMART-AGE\" \/>\n<meta property=\"og:description\" content=\"SMART-AGESMART-AGE to projekt realizowany w ramach partnerstwa Driving Urban Transitions (DUT), finansowany przez Komisj\u0119 Europejsk\u0105 w programie Horizon Europe Partnership. Jego celem jest zwi\u0119kszenie dost\u0119pno\u015bci transportu miejskiego dla os\u00f3b starszych (65+) poprzez eliminowanie barier utrudniaj\u0105cych im przej\u015bcie na zr\u00f3wnowa\u017cone i wsp\u00f3\u0142dzielone \u015brodki transportu. Projekt obejmuje tak\u017ce opracowanie inkluzywnej polityki i rozwi\u0105za\u0144 projektowych dostosowuj\u0105cych systemy mobilno\u015bci [&hellip;]\" \/>\n<meta property=\"og:url\" content=\"https:\/\/smart-age.eu\/pl\/home\/\" \/>\n<meta property=\"og:site_name\" content=\"SMART-AGE\" \/>\n<meta property=\"article:modified_time\" content=\"2025-03-25T11:24:20+00:00\" \/>\n<meta name=\"twitter:card\" content=\"summary_large_image\" \/>\n<meta name=\"twitter:label1\" content=\"Szacowany czas czytania\" \/>\n\t<meta name=\"twitter:data1\" content=\"7 minut\" \/>\n<script type=\"application\/ld+json\" class=\"yoast-schema-graph\">{\"@context\":\"https:\\\/\\\/schema.org\",\"@graph\":[{\"@type\":\"WebPage\",\"@id\":\"https:\\\/\\\/smart-age.eu\\\/pl\\\/home\\\/\",\"url\":\"https:\\\/\\\/smart-age.eu\\\/pl\\\/home\\\/\",\"name\":\"Home - SMART-AGE\",\"isPartOf\":{\"@id\":\"https:\\\/\\\/smart-age.eu\\\/#website\"},\"datePublished\":\"2025-02-07T08:26:42+00:00\",\"dateModified\":\"2025-03-25T11:24:20+00:00\",\"breadcrumb\":{\"@id\":\"https:\\\/\\\/smart-age.eu\\\/pl\\\/home\\\/#breadcrumb\"},\"inLanguage\":\"pl-PL\",\"potentialAction\":[{\"@type\":\"ReadAction\",\"target\":[\"https:\\\/\\\/smart-age.eu\\\/pl\\\/home\\\/\"]}]},{\"@type\":\"BreadcrumbList\",\"@id\":\"https:\\\/\\\/smart-age.eu\\\/pl\\\/home\\\/#breadcrumb\",\"itemListElement\":[{\"@type\":\"ListItem\",\"position\":1,\"name\":\"Home\",\"item\":\"https:\\\/\\\/smart-age.eu\\\/pl\\\/home\\\/\"},{\"@type\":\"ListItem\",\"position\":2,\"name\":\"Home\"}]},{\"@type\":\"WebSite\",\"@id\":\"https:\\\/\\\/smart-age.eu\\\/#website\",\"url\":\"https:\\\/\\\/smart-age.eu\\\/\",\"name\":\"SMART-AGE\",\"description\":\"Sustainable Mobility and Accessibility for Resilient Transport in Aging Urban Environments\",\"potentialAction\":[{\"@type\":\"SearchAction\",\"target\":{\"@type\":\"EntryPoint\",\"urlTemplate\":\"https:\\\/\\\/smart-age.eu\\\/?s={search_term_string}\"},\"query-input\":{\"@type\":\"PropertyValueSpecification\",\"valueRequired\":true,\"valueName\":\"search_term_string\"}}],\"inLanguage\":\"pl-PL\"}]}<\/script>\n<!-- \/ Yoast SEO plugin. -->","yoast_head_json":{"title":"Home - SMART-AGE","robots":{"index":"index","follow":"follow","max-snippet":"max-snippet:-1","max-image-preview":"max-image-preview:large","max-video-preview":"max-video-preview:-1"},"canonical":"https:\/\/smart-age.eu\/pl\/home\/","og_locale":"pl_PL","og_type":"article","og_title":"Home - SMART-AGE","og_description":"SMART-AGESMART-AGE to projekt realizowany w ramach partnerstwa Driving Urban Transitions (DUT), finansowany przez Komisj\u0119 Europejsk\u0105 w programie Horizon Europe Partnership. Jego celem jest zwi\u0119kszenie dost\u0119pno\u015bci transportu miejskiego dla os\u00f3b starszych (65+) poprzez eliminowanie barier utrudniaj\u0105cych im przej\u015bcie na zr\u00f3wnowa\u017cone i wsp\u00f3\u0142dzielone \u015brodki transportu. Projekt obejmuje tak\u017ce opracowanie inkluzywnej polityki i rozwi\u0105za\u0144 projektowych dostosowuj\u0105cych systemy mobilno\u015bci [&hellip;]","og_url":"https:\/\/smart-age.eu\/pl\/home\/","og_site_name":"SMART-AGE","article_modified_time":"2025-03-25T11:24:20+00:00","twitter_card":"summary_large_image","twitter_misc":{"Szacowany czas czytania":"7 minut"},"schema":{"@context":"https:\/\/schema.org","@graph":[{"@type":"WebPage","@id":"https:\/\/smart-age.eu\/pl\/home\/","url":"https:\/\/smart-age.eu\/pl\/home\/","name":"Home - SMART-AGE","isPartOf":{"@id":"https:\/\/smart-age.eu\/#website"},"datePublished":"2025-02-07T08:26:42+00:00","dateModified":"2025-03-25T11:24:20+00:00","breadcrumb":{"@id":"https:\/\/smart-age.eu\/pl\/home\/#breadcrumb"},"inLanguage":"pl-PL","potentialAction":[{"@type":"ReadAction","target":["https:\/\/smart-age.eu\/pl\/home\/"]}]},{"@type":"BreadcrumbList","@id":"https:\/\/smart-age.eu\/pl\/home\/#breadcrumb","itemListElement":[{"@type":"ListItem","position":1,"name":"Home","item":"https:\/\/smart-age.eu\/pl\/home\/"},{"@type":"ListItem","position":2,"name":"Home"}]},{"@type":"WebSite","@id":"https:\/\/smart-age.eu\/#website","url":"https:\/\/smart-age.eu\/","name":"SMART-AGE","description":"Sustainable Mobility and Accessibility for Resilient Transport in Aging Urban Environments","potentialAction":[{"@type":"SearchAction","target":{"@type":"EntryPoint","urlTemplate":"https:\/\/smart-age.eu\/?s={search_term_string}"},"query-input":{"@type":"PropertyValueSpecification","valueRequired":true,"valueName":"search_term_string"}}],"inLanguage":"pl-PL"}]}},"_links":{"self":[{"href":"https:\/\/smart-age.eu\/pl\/wp-json\/wp\/v2\/pages\/597","targetHints":{"allow":["GET"]}}],"collection":[{"href":"https:\/\/smart-age.eu\/pl\/wp-json\/wp\/v2\/pages"}],"about":[{"href":"https:\/\/smart-age.eu\/pl\/wp-json\/wp\/v2\/types\/page"}],"author":[{"embeddable":true,"href":"https:\/\/smart-age.eu\/pl\/wp-json\/wp\/v2\/users\/3"}],"replies":[{"embeddable":true,"href":"https:\/\/smart-age.eu\/pl\/wp-json\/wp\/v2\/comments?post=597"}],"version-history":[{"count":27,"href":"https:\/\/smart-age.eu\/pl\/wp-json\/wp\/v2\/pages\/597\/revisions"}],"predecessor-version":[{"id":850,"href":"https:\/\/smart-age.eu\/pl\/wp-json\/wp\/v2\/pages\/597\/revisions\/850"}],"wp:attachment":[{"href":"https:\/\/smart-age.eu\/pl\/wp-json\/wp\/v2\/media?parent=597"}],"curies":[{"name":"wp","href":"https:\/\/api.w.org\/{rel}","templated":true}]}}