{"id":600,"date":"2025-02-07T08:27:00","date_gmt":"2025-02-07T08:27:00","guid":{"rendered":"https:\/\/smart-age.eu\/projekt\/"},"modified":"2025-03-25T10:57:42","modified_gmt":"2025-03-25T10:57:42","slug":"projekt","status":"publish","type":"page","link":"https:\/\/smart-age.eu\/pl\/projekt\/","title":{"rendered":"Projekt"},"content":{"rendered":"<p>[et_pb_section fb_built=&#8221;1&#8243; _builder_version=&#8221;4.27.4&#8243; _module_preset=&#8221;default&#8221; custom_padding=&#8221;3px||5px|||&#8221; global_colors_info=&#8221;{}&#8221;][et_pb_row _builder_version=&#8221;4.27.4&#8243; _module_preset=&#8221;default&#8221; global_colors_info=&#8221;{}&#8221;][et_pb_column type=&#8221;4_4&#8243; _builder_version=&#8221;4.27.4&#8243; _module_preset=&#8221;default&#8221; global_colors_info=&#8221;{}&#8221;][et_pb_text _builder_version=&#8221;4.27.4&#8243; _module_preset=&#8221;default&#8221; header_font=&#8221;|700||on|||||&#8221; header_font_size=&#8221;46px&#8221; global_colors_info=&#8221;{}&#8221;]<\/p>\n<h1 style=\"text-align: left;\">Projekt<\/h1>\n<p>[\/et_pb_text][\/et_pb_column][\/et_pb_row][\/et_pb_section][et_pb_section fb_built=&#8221;1&#8243; _builder_version=&#8221;4.27.4&#8243; _module_preset=&#8221;default&#8221; custom_padding=&#8221;0px|||||&#8221; global_colors_info=&#8221;{}&#8221;][et_pb_row _builder_version=&#8221;4.27.4&#8243; _module_preset=&#8221;default&#8221; custom_padding=&#8221;5px|||||&#8221; global_colors_info=&#8221;{}&#8221;][et_pb_column type=&#8221;4_4&#8243; _builder_version=&#8221;4.27.4&#8243; _module_preset=&#8221;default&#8221; global_colors_info=&#8221;{}&#8221;][et_pb_text _builder_version=&#8221;4.27.4&#8243; _module_preset=&#8221;default&#8221; header_2_text_color=&#8221;#19BF6C&#8221; header_2_line_height=&#8221;1.3em&#8221; global_colors_info=&#8221;{}&#8221;]<\/p>\n<h2><strong>SMART-AGE<\/strong> &#8211; <strong>S<\/strong>ustainable <strong>M<\/strong>obility and <strong>A<\/strong>ccessibility for <strong>R<\/strong>esilient <strong>T<\/strong>ransport in <strong>Ag<\/strong>ing Urban <strong>E<\/strong>nvironments<\/h2>\n<p>[\/et_pb_text][et_pb_text _builder_version=&#8221;4.27.4&#8243; _module_preset=&#8221;default&#8221; global_colors_info=&#8221;{}&#8221;]<\/p>\n<p>SMART-AGE odpowiada na piln\u0105 potrzeb\u0119 dostosowania miejskich system\u00f3w mobilno\u015bci do mo\u017cliwo\u015bci i preferencji os\u00f3b starszych (65+). Wykorzystuj\u0105c ramy koncepcji 15-minutowego miasta, kt\u00f3re nadaj\u0105 priorytet aktywnej mobilno\u015bci i zr\u00f3wnowa\u017conemu transportowi w zaspokajaniu codziennych potrzeb, projekt ten koncentruje si\u0119 na przezwyci\u0119\u017caniu wyzwa\u0144 stoj\u0105cych przed starzej\u0105c\u0105 si\u0119 populacj\u0105. Celem projektu jest u\u0142atwienie przej\u015bcia od posiadania samochodu do wsp\u00f3\u0142dzielonej i inteligentnej mobilno\u015bci. <\/p>\n<p>Starzenie si\u0119 spo\u0142ecze\u0144stwa jest nieuniknionym trendem demograficznym, jednak wci\u0105\u017c brakuje kompleksowych bada\u0144 nad barierami, kt\u00f3re utrudniaj\u0105 osobom starszym korzystanie ze zr\u00f3wnowa\u017conej mobilno\u015bci. Jednocze\u015bnie polityka ograniczaj\u0105ca posiadanie prywatnych samochod\u00f3w mo\u017ce nasila\u0107 ryzyko ich izolacji spo\u0142ecznej. SMART-AGE \u0142\u0105czy interdyscyplinarn\u0105 wiedz\u0119 z zakresu zarz\u0105dzania transportem, gerontologii spo\u0142ecznej, ekonomii i prawa, aby zapewni\u0107 inkluzywno\u015b\u0107 miejskich system\u00f3w mobilno\u015bci.  <\/p>\n<p>Projekt bada czynniki wp\u0142ywaj\u0105ce na uzale\u017cnienie os\u00f3b starszych od samochodu osobowego oraz identyfikuje uwarunkowania sprzyjaj\u0105ce ich przej\u015bciu na mobilno\u015b\u0107 wsp\u00f3\u0142dzielon\u0105. Poprzez niwelowanie luki mi\u0119dzy potrzebami starszych u\u017cytkownik\u00f3w transportu a ofert\u0105 us\u0142ugodawc\u00f3w, SMART-AGE przyczynia si\u0119 do realizacji zasad zr\u00f3wnowa\u017conego rozwoju oraz inkluzywnego kszta\u0142towania przestrzeni miejskiej, wspieraj\u0105c rozw\u00f3j dost\u0119pnych i dobrze skomunikowanych miast dla wszystkich. <\/p>\n<p>[\/et_pb_text][et_pb_image src=&#8221;https:\/\/smart-age.eu\/wp-content\/uploads\/2025\/03\/logo-SMART-AGE.png&#8221; _builder_version=&#8221;4.27.4&#8243; _module_preset=&#8221;default&#8221; title_text=&#8221;logo SMART-AGE&#8221; align=&#8221;center&#8221; width=&#8221;21%&#8221; max_width=&#8221;23%&#8221; hover_enabled=&#8221;0&#8243; sticky_enabled=&#8221;0&#8243;][\/et_pb_image][\/et_pb_column][\/et_pb_row][\/et_pb_section]<\/p>\n","protected":false},"excerpt":{"rendered":"<p>ProjektSMART-AGE &#8211; Sustainable Mobility and Accessibility for Resilient Transport in Aging Urban EnvironmentsSMART-AGE odpowiada na piln\u0105 potrzeb\u0119 dostosowania miejskich system\u00f3w mobilno\u015bci do mo\u017cliwo\u015bci i preferencji os\u00f3b starszych (65+). Wykorzystuj\u0105c ramy koncepcji 15-minutowego miasta, kt\u00f3re nadaj\u0105 priorytet aktywnej mobilno\u015bci i zr\u00f3wnowa\u017conemu transportowi w zaspokajaniu codziennych potrzeb, projekt ten koncentruje si\u0119 na przezwyci\u0119\u017caniu wyzwa\u0144 stoj\u0105cych przed starzej\u0105c\u0105 [&hellip;]<\/p>\n","protected":false},"author":3,"featured_media":0,"parent":0,"menu_order":0,"comment_status":"closed","ping_status":"closed","template":"","meta":{"_et_pb_use_builder":"on","_et_pb_old_content":"","_et_gb_content_width":"","_umich_oidc_access":"","footnotes":""},"class_list":["post-600","page","type-page","status-publish","hentry"],"yoast_head":"<!-- This site is optimized with the Yoast SEO plugin v27.5 - https:\/\/yoast.com\/product\/yoast-seo-wordpress\/ -->\n<title>Projekt - SMART-AGE<\/title>\n<meta name=\"robots\" content=\"index, follow, max-snippet:-1, max-image-preview:large, max-video-preview:-1\" \/>\n<link rel=\"canonical\" href=\"https:\/\/smart-age.eu\/pl\/projekt\/\" \/>\n<meta property=\"og:locale\" content=\"pl_PL\" \/>\n<meta property=\"og:type\" content=\"article\" \/>\n<meta property=\"og:title\" content=\"Projekt - SMART-AGE\" \/>\n<meta property=\"og:description\" content=\"ProjektSMART-AGE - Sustainable Mobility and Accessibility for Resilient Transport in Aging Urban EnvironmentsSMART-AGE odpowiada na piln\u0105 potrzeb\u0119 dostosowania miejskich system\u00f3w mobilno\u015bci do mo\u017cliwo\u015bci i preferencji os\u00f3b starszych (65+). Wykorzystuj\u0105c ramy koncepcji 15-minutowego miasta, kt\u00f3re nadaj\u0105 priorytet aktywnej mobilno\u015bci i zr\u00f3wnowa\u017conemu transportowi w zaspokajaniu codziennych potrzeb, projekt ten koncentruje si\u0119 na przezwyci\u0119\u017caniu wyzwa\u0144 stoj\u0105cych przed starzej\u0105c\u0105 [&hellip;]\" \/>\n<meta property=\"og:url\" content=\"https:\/\/smart-age.eu\/pl\/projekt\/\" \/>\n<meta property=\"og:site_name\" content=\"SMART-AGE\" \/>\n<meta property=\"article:modified_time\" content=\"2025-03-25T10:57:42+00:00\" \/>\n<meta name=\"twitter:card\" content=\"summary_large_image\" \/>\n<meta name=\"twitter:label1\" content=\"Szacowany czas czytania\" \/>\n\t<meta name=\"twitter:data1\" content=\"2 minuty\" \/>\n<script type=\"application\/ld+json\" class=\"yoast-schema-graph\">{\"@context\":\"https:\\\/\\\/schema.org\",\"@graph\":[{\"@type\":\"WebPage\",\"@id\":\"https:\\\/\\\/smart-age.eu\\\/pl\\\/projekt\\\/\",\"url\":\"https:\\\/\\\/smart-age.eu\\\/pl\\\/projekt\\\/\",\"name\":\"Projekt - SMART-AGE\",\"isPartOf\":{\"@id\":\"https:\\\/\\\/smart-age.eu\\\/#website\"},\"datePublished\":\"2025-02-07T08:27:00+00:00\",\"dateModified\":\"2025-03-25T10:57:42+00:00\",\"breadcrumb\":{\"@id\":\"https:\\\/\\\/smart-age.eu\\\/pl\\\/projekt\\\/#breadcrumb\"},\"inLanguage\":\"pl-PL\",\"potentialAction\":[{\"@type\":\"ReadAction\",\"target\":[\"https:\\\/\\\/smart-age.eu\\\/pl\\\/projekt\\\/\"]}]},{\"@type\":\"BreadcrumbList\",\"@id\":\"https:\\\/\\\/smart-age.eu\\\/pl\\\/projekt\\\/#breadcrumb\",\"itemListElement\":[{\"@type\":\"ListItem\",\"position\":1,\"name\":\"Home\",\"item\":\"https:\\\/\\\/smart-age.eu\\\/pl\\\/home\\\/\"},{\"@type\":\"ListItem\",\"position\":2,\"name\":\"Projekt\"}]},{\"@type\":\"WebSite\",\"@id\":\"https:\\\/\\\/smart-age.eu\\\/#website\",\"url\":\"https:\\\/\\\/smart-age.eu\\\/\",\"name\":\"SMART-AGE\",\"description\":\"Sustainable Mobility and Accessibility for Resilient Transport in Aging Urban Environments\",\"potentialAction\":[{\"@type\":\"SearchAction\",\"target\":{\"@type\":\"EntryPoint\",\"urlTemplate\":\"https:\\\/\\\/smart-age.eu\\\/?s={search_term_string}\"},\"query-input\":{\"@type\":\"PropertyValueSpecification\",\"valueRequired\":true,\"valueName\":\"search_term_string\"}}],\"inLanguage\":\"pl-PL\"}]}<\/script>\n<!-- \/ Yoast SEO plugin. -->","yoast_head_json":{"title":"Projekt - SMART-AGE","robots":{"index":"index","follow":"follow","max-snippet":"max-snippet:-1","max-image-preview":"max-image-preview:large","max-video-preview":"max-video-preview:-1"},"canonical":"https:\/\/smart-age.eu\/pl\/projekt\/","og_locale":"pl_PL","og_type":"article","og_title":"Projekt - SMART-AGE","og_description":"ProjektSMART-AGE - Sustainable Mobility and Accessibility for Resilient Transport in Aging Urban EnvironmentsSMART-AGE odpowiada na piln\u0105 potrzeb\u0119 dostosowania miejskich system\u00f3w mobilno\u015bci do mo\u017cliwo\u015bci i preferencji os\u00f3b starszych (65+). Wykorzystuj\u0105c ramy koncepcji 15-minutowego miasta, kt\u00f3re nadaj\u0105 priorytet aktywnej mobilno\u015bci i zr\u00f3wnowa\u017conemu transportowi w zaspokajaniu codziennych potrzeb, projekt ten koncentruje si\u0119 na przezwyci\u0119\u017caniu wyzwa\u0144 stoj\u0105cych przed starzej\u0105c\u0105 [&hellip;]","og_url":"https:\/\/smart-age.eu\/pl\/projekt\/","og_site_name":"SMART-AGE","article_modified_time":"2025-03-25T10:57:42+00:00","twitter_card":"summary_large_image","twitter_misc":{"Szacowany czas czytania":"2 minuty"},"schema":{"@context":"https:\/\/schema.org","@graph":[{"@type":"WebPage","@id":"https:\/\/smart-age.eu\/pl\/projekt\/","url":"https:\/\/smart-age.eu\/pl\/projekt\/","name":"Projekt - SMART-AGE","isPartOf":{"@id":"https:\/\/smart-age.eu\/#website"},"datePublished":"2025-02-07T08:27:00+00:00","dateModified":"2025-03-25T10:57:42+00:00","breadcrumb":{"@id":"https:\/\/smart-age.eu\/pl\/projekt\/#breadcrumb"},"inLanguage":"pl-PL","potentialAction":[{"@type":"ReadAction","target":["https:\/\/smart-age.eu\/pl\/projekt\/"]}]},{"@type":"BreadcrumbList","@id":"https:\/\/smart-age.eu\/pl\/projekt\/#breadcrumb","itemListElement":[{"@type":"ListItem","position":1,"name":"Home","item":"https:\/\/smart-age.eu\/pl\/home\/"},{"@type":"ListItem","position":2,"name":"Projekt"}]},{"@type":"WebSite","@id":"https:\/\/smart-age.eu\/#website","url":"https:\/\/smart-age.eu\/","name":"SMART-AGE","description":"Sustainable Mobility and Accessibility for Resilient Transport in Aging Urban Environments","potentialAction":[{"@type":"SearchAction","target":{"@type":"EntryPoint","urlTemplate":"https:\/\/smart-age.eu\/?s={search_term_string}"},"query-input":{"@type":"PropertyValueSpecification","valueRequired":true,"valueName":"search_term_string"}}],"inLanguage":"pl-PL"}]}},"_links":{"self":[{"href":"https:\/\/smart-age.eu\/pl\/wp-json\/wp\/v2\/pages\/600","targetHints":{"allow":["GET"]}}],"collection":[{"href":"https:\/\/smart-age.eu\/pl\/wp-json\/wp\/v2\/pages"}],"about":[{"href":"https:\/\/smart-age.eu\/pl\/wp-json\/wp\/v2\/types\/page"}],"author":[{"embeddable":true,"href":"https:\/\/smart-age.eu\/pl\/wp-json\/wp\/v2\/users\/3"}],"replies":[{"embeddable":true,"href":"https:\/\/smart-age.eu\/pl\/wp-json\/wp\/v2\/comments?post=600"}],"version-history":[{"count":16,"href":"https:\/\/smart-age.eu\/pl\/wp-json\/wp\/v2\/pages\/600\/revisions"}],"predecessor-version":[{"id":824,"href":"https:\/\/smart-age.eu\/pl\/wp-json\/wp\/v2\/pages\/600\/revisions\/824"}],"wp:attachment":[{"href":"https:\/\/smart-age.eu\/pl\/wp-json\/wp\/v2\/media?parent=600"}],"curies":[{"name":"wp","href":"https:\/\/api.w.org\/{rel}","templated":true}]}}